{"id":91,"date":"2024-07-18T16:47:00","date_gmt":"2024-07-18T16:47:00","guid":{"rendered":"https:\/\/divevolkcanarias.com\/?page_id=91"},"modified":"2024-07-26T14:00:55","modified_gmt":"2024-07-26T13:00:55","slug":"inicio","status":"publish","type":"page","link":"https:\/\/divevolkcanarias.com\/","title":{"rendered":"Inicio"},"content":{"rendered":"<p>[et_pb_section fb_built=\u00bb1&#8243; _builder_version=\u00bb4.27.0&#8243; _module_preset=\u00bbdefault\u00bb custom_padding=\u00bb0px||0px||false|false\u00bb global_colors_info=\u00bb{}\u00bb][et_pb_row use_custom_gutter=\u00bbon\u00bb gutter_width=\u00bb1&#8243; _builder_version=\u00bb4.27.0&#8243; _module_preset=\u00bbdefault\u00bb width=\u00bb100%\u00bb max_width=\u00bb2560px\u00bb custom_padding=\u00bb0px||0px||false|false\u00bb global_colors_info=\u00bb{}\u00bb][et_pb_column type=\u00bb4_4&#8243; _builder_version=\u00bb4.27.0&#8243; _module_preset=\u00bbdefault\u00bb global_colors_info=\u00bb{}\u00bb][et_pb_slider _builder_version=\u00bb4.27.0&#8243; _module_preset=\u00bbdefault\u00bb hover_enabled=\u00bb0&#8243; body_font_size_tablet=\u00bb\u00bb body_font_size_phone=\u00bb\u00bb body_font_size_last_edited=\u00bbon|desktop\u00bb border_width_top=\u00bb2px\u00bb border_color_top=\u00bb#FFFFFF\u00bb global_colors_info=\u00bb{}\u00bb sticky_enabled=\u00bb0&#8243;][et_pb_slide heading=\u00bbLA \u00daNICA CARCASA SUBACU\u00c1TICA PARA SMARTPHONE DEL MUNDO CON PANTALLA TOTALMENTE T\u00c1CTIL Y SUMERGIBLE HASTA 60m\u00bb _builder_version=\u00bb4.27.0&#8243; _module_preset=\u00bbdefault\u00bb title_text=\u00bbdivevolk\u00bb background_enable_color=\u00bboff\u00bb background_video_mp4=\u00bbhttps:\/\/divevolkcanarias.com\/wp-content\/uploads\/2024\/07\/divevolk.m4v\u00bb background_enable_video_mp4=\u00bbon\u00bb hover_enabled=\u00bb0&#8243; sticky_enabled=\u00bb0&#8243; use_text_overlay=\u00bbon\u00bb][\/et_pb_slide][et_pb_slide heading=\u00bbStock en Canarias y env\u00edo inmediato.\u00bb button_text=\u00bbD\u00f3nde comprar\u00bb button_link=\u00bb@ET-DC@eyJkeW5hbWljIjp0cnVlLCJjb250ZW50IjoicG9zdF9saW5rX3VybF9wYWdlIiwic2V0dGluZ3MiOnsicG9zdF9pZCI6IjIwMyJ9fQ==@\u00bb _builder_version=\u00bb4.27.0&#8243; _dynamic_attributes=\u00bbbutton_link\u00bb _module_preset=\u00bbdefault\u00bb header_font=\u00bb|700|||||||\u00bb header_line_height=\u00bb1.1em\u00bb body_font=\u00bb||on||||||\u00bb body_font_size=\u00bb37px\u00bb body_line_height=\u00bb1.2em\u00bb background_color=\u00bb#82BFCD\u00bb background_enable_color=\u00bbon\u00bb background_image=\u00bbhttps:\/\/divevolkcanarias.com\/wp-content\/uploads\/2024\/07\/DiveVolk-Macaronesian-Tubo-Garachico.jpg\u00bb background_enable_image=\u00bbon\u00bb background_blend=\u00bbmultiply\u00bb hover_enabled=\u00bb0&#8243; body_font_size_tablet=\u00bb21px\u00bb body_font_size_phone=\u00bb18px\u00bb body_font_size_last_edited=\u00bbon|phone\u00bb global_colors_info=\u00bb{}\u00bb sticky_transition=\u00bbon\u00bb sticky_enabled=\u00bb0&#8243;]<\/p>\n<div class=\"moz-signature\">\u00a0Ideal para viajes y diferentes actividades.<\/div>\n<p>[\/et_pb_slide][et_pb_slide heading=\u00bbMax Filter Kit\u00bb _builder_version=\u00bb4.27.0&#8243; _module_preset=\u00bbdefault\u00bb background_image=\u00bbhttps:\/\/divevolkcanarias.com\/wp-content\/uploads\/2024\/07\/WechatIMG1740_1944x.webp\u00bb background_enable_image=\u00bbon\u00bb global_colors_info=\u00bb{}\u00bb sticky_transition=\u00bbon\u00bb]<\/p>\n<p>Correcci\u00f3n de color bajo el agua<\/p>\n<p>[\/et_pb_slide][et_pb_slide heading=\u00bbSeaTouch Ocean Kit\u00bb _builder_version=\u00bb4.27.0&#8243; _module_preset=\u00bbdefault\u00bb background_image=\u00bbhttps:\/\/divevolkcanarias.com\/wp-content\/uploads\/2024\/07\/WechatIMG2899_1944x.webp\u00bb background_enable_image=\u00bbon\u00bb global_colors_info=\u00bb{}\u00bb sticky_transition=\u00bbon\u00bb][\/et_pb_slide][\/et_pb_slider][\/et_pb_column][\/et_pb_row][\/et_pb_section][et_pb_section fb_built=\u00bb1&#8243; _builder_version=\u00bb4.27.0&#8243; _module_preset=\u00bbdefault\u00bb custom_padding=\u00bb0px||0px||false|false\u00bb sticky_position=\u00bbbottom\u00bb sticky_limit_top=\u00bbbody\u00bb scroll_vertical_motion_enable=\u00bbon\u00bb global_colors_info=\u00bb{}\u00bb][et_pb_row column_structure=\u00bb3_5,2_5&#8243; _builder_version=\u00bb4.27.0&#8243; _module_preset=\u00bbdefault\u00bb z_index=\u00bb0&#8243; sticky_limit_top=\u00bbbody\u00bb global_colors_info=\u00bb{}\u00bb][et_pb_column type=\u00bb3_5&#8243; _builder_version=\u00bb4.27.0&#8243; _module_preset=\u00bbdefault\u00bb global_colors_info=\u00bb{}\u00bb][et_pb_image src=\u00bbhttps:\/\/divevolkcanarias.com\/wp-content\/uploads\/2024\/07\/SeaTouch-4-Max-Underwater-Smarphone-Housing-Black.jpg\u00bb alt=\u00bbSeaTouch 4 Max-Underwater Smarphone Housing-Black\u00bb title_text=\u00bbDivevolk SeaTouch 4 Max: Negra\u00bb _builder_version=\u00bb4.27.0&#8243; _module_preset=\u00bbdefault\u00bb global_colors_info=\u00bb{}\u00bb][\/et_pb_image][\/et_pb_column][et_pb_column type=\u00bb2_5&#8243; _builder_version=\u00bb4.27.0&#8243; _module_preset=\u00bbdefault\u00bb global_colors_info=\u00bb{}\u00bb][et_pb_text _builder_version=\u00bb4.27.0&#8243; _module_preset=\u00bbdefault\u00bb text_font_size=\u00bb18px\u00bb text_line_height=\u00bb1.5em\u00bb header_2_text_color=\u00bb#244B7A\u00bb header_3_text_color=\u00bb#82BFCD\u00bb text_font_size_tablet=\u00bb18px\u00bb text_font_size_phone=\u00bb18px\u00bb text_font_size_last_edited=\u00bbon|desktop\u00bb global_colors_info=\u00bb{}\u00bb]<\/p>\n<h2>Divevolk Seatouch es la \u00fanica carcasa para smartphone del mundo con pantalla t\u00e1ctil completa subacu\u00e1tica.<\/h2>\n<h3><em>\u00bfPero por qu\u00e9 una carcasa subacu\u00e1tica con pantalla t\u00e1ctil?<\/em><\/h3>\n<div>La principal diferencia entre la carcasa subacu\u00e1tica <strong>SeaTouch<\/strong> y otras es la funci\u00f3n patentada de pantalla t\u00e1ctil completa. Puede <strong>acceder a todas las funciones<\/strong> de su tel\u00e9fono <strong>sin limitaciones<\/strong>, como acceder a todas las <strong>c\u00e1maras nativas<\/strong>, llevar sus aplicaciones de fotograf\u00eda de terceros favoritas como Filmicpro, ProMovie al agua. Adem\u00e1s, puede <strong>reproducir<\/strong> <strong>videos<\/strong>, <strong>audio<\/strong>, usar la <strong>br\u00fajula<\/strong> y enviar<strong> mensajes de texto<\/strong> hasta a <strong>60 metros<\/strong> de profundidad.<\/div>\n<p>[\/et_pb_text][\/et_pb_column][\/et_pb_row][\/et_pb_section][et_pb_section fb_built=\u00bb1&#8243; _builder_version=\u00bb4.27.0&#8243; _module_preset=\u00bbdefault\u00bb custom_padding=\u00bb0px||0px||false|false\u00bb global_colors_info=\u00bb{}\u00bb][et_pb_row column_structure=\u00bb1_2,1_2&#8243; use_custom_gutter=\u00bbon\u00bb gutter_width=\u00bb1&#8243; make_equal=\u00bbon\u00bb _builder_version=\u00bb4.27.0&#8243; _module_preset=\u00bbdefault\u00bb width=\u00bb100%\u00bb max_width=\u00bb2560px\u00bb global_colors_info=\u00bb{}\u00bb][et_pb_column type=\u00bb1_2&#8243; _builder_version=\u00bb4.27.0&#8243; _module_preset=\u00bbdefault\u00bb global_colors_info=\u00bb{}\u00bb][et_pb_blurb title=\u00bbCarcasas\u00bb url=\u00bb@ET-DC@eyJkeW5hbWljIjp0cnVlLCJjb250ZW50IjoicG9zdF9saW5rX3VybF9wYWdlIiwic2V0dGluZ3MiOnsicG9zdF9pZCI6IjEzMyJ9fQ==@\u00bb image=\u00bbhttps:\/\/divevolkcanarias.com\/wp-content\/uploads\/2024\/07\/SeaTouch-4-Max-Underwater-Smarphone-Housing-White-2.jpg\u00bb _builder_version=\u00bb4.27.0&#8243; _dynamic_attributes=\u00bburl\u00bb _module_preset=\u00bbed8c464f-e25f-4300-9e85-2236d98a8cfa\u00bb background_color=\u00bbrgba(211,188,74,0.39)\u00bb global_colors_info=\u00bb{}\u00bb][\/et_pb_blurb][\/et_pb_column][et_pb_column type=\u00bb1_2&#8243; _builder_version=\u00bb4.27.0&#8243; _module_preset=\u00bbdefault\u00bb global_colors_info=\u00bb{}\u00bb][et_pb_blurb title=\u00bbKits\u00bb url=\u00bb@ET-DC@eyJkeW5hbWljIjp0cnVlLCJjb250ZW50IjoicG9zdF9saW5rX3VybF9wYWdlIiwic2V0dGluZ3MiOnsicG9zdF9pZCI6IjIzNSJ9fQ==@\u00bb image=\u00bbhttps:\/\/divevolkcanarias.com\/wp-content\/uploads\/2024\/07\/DIVEVOLK-SeaTouch-4-MAX-Almighty-Kit.webp\u00bb _builder_version=\u00bb4.27.0&#8243; _dynamic_attributes=\u00bburl\u00bb _module_preset=\u00bbed8c464f-e25f-4300-9e85-2236d98a8cfa\u00bb background_color=\u00bbrgba(63,111,178,0.55)\u00bb global_colors_info=\u00bb{}\u00bb][\/et_pb_blurb][\/et_pb_column][\/et_pb_row][\/et_pb_section][et_pb_section fb_built=\u00bb1&#8243; _builder_version=\u00bb4.27.0&#8243; _module_preset=\u00bbdefault\u00bb width=\u00bb100%\u00bb custom_padding=\u00bb0px||0px||false|false\u00bb global_module=\u00bb243&#8243; global_colors_info=\u00bb{}\u00bb][et_pb_row column_structure=\u00bb1_4,1_4,1_4,1_4&#8243; use_custom_gutter=\u00bbon\u00bb gutter_width=\u00bb1&#8243; _builder_version=\u00bb4.27.0&#8243; _module_preset=\u00bbdefault\u00bb width=\u00bb100%\u00bb max_width=\u00bb2560px\u00bb global_colors_info=\u00bb{}\u00bb][et_pb_column type=\u00bb1_4&#8243; _builder_version=\u00bb4.27.0&#8243; _module_preset=\u00bbdefault\u00bb global_colors_info=\u00bb{}\u00bb][et_pb_blurb title=\u00bbIluminaci\u00f3n\u00bb url=\u00bb@ET-DC@eyJkeW5hbWljIjp0cnVlLCJjb250ZW50IjoicG9zdF9saW5rX3VybF9wYWdlIiwic2V0dGluZ3MiOnsicG9zdF9pZCI6IjE4NCJ9fQ==@\u00bb image=\u00bbhttps:\/\/divevolkcanarias.com\/wp-content\/uploads\/2024\/07\/12000-Lumen-underwater-video-light-for-Underwater-Photography.webp\u00bb _builder_version=\u00bb4.27.0&#8243; _dynamic_attributes=\u00bburl\u00bb _module_preset=\u00bbed8c464f-e25f-4300-9e85-2236d98a8cfa\u00bb background_color=\u00bb#82BFCD\u00bb global_colors_info=\u00bb{}\u00bb][\/et_pb_blurb][\/et_pb_column][et_pb_column type=\u00bb1_4&#8243; _builder_version=\u00bb4.27.0&#8243; _module_preset=\u00bbdefault\u00bb global_colors_info=\u00bb{}\u00bb][et_pb_blurb title=\u00bbSoportes\u00bb url=\u00bb@ET-DC@eyJkeW5hbWljIjp0cnVlLCJjb250ZW50IjoicG9zdF9saW5rX3VybF9wYWdlIiwic2V0dGluZ3MiOnsicG9zdF9pZCI6IjE3OCJ9fQ==@\u00bb image=\u00bbhttps:\/\/divevolkcanarias.com\/wp-content\/uploads\/2024\/07\/DIVEVOLK-DUAL-Handle-Tray-for-seatouch-4-max-underwater-Housing.webp\u00bb _builder_version=\u00bb4.27.0&#8243; _dynamic_attributes=\u00bburl\u00bb _module_preset=\u00bbed8c464f-e25f-4300-9e85-2236d98a8cfa\u00bb global_colors_info=\u00bb{}\u00bb][\/et_pb_blurb][\/et_pb_column][et_pb_column type=\u00bb1_4&#8243; _builder_version=\u00bb4.27.0&#8243; _module_preset=\u00bbdefault\u00bb global_colors_info=\u00bb{}\u00bb][et_pb_blurb title=\u00bbLentes\u00bb url=\u00bb@ET-DC@eyJkeW5hbWljIjp0cnVlLCJjb250ZW50IjoicG9zdF9saW5rX3VybF9wYWdlIiwic2V0dGluZ3MiOnsicG9zdF9pZCI6IjE2NiJ9fQ==@\u00bb image=\u00bbhttps:\/\/divevolkcanarias.com\/wp-content\/uploads\/2024\/07\/Underwater-Wide-angle-Conversion-Lens-X0.6-for-DIVEVOLK-Housing-and-Action-Camera.webp\u00bb _builder_version=\u00bb4.27.0&#8243; _dynamic_attributes=\u00bburl\u00bb _module_preset=\u00bbed8c464f-e25f-4300-9e85-2236d98a8cfa\u00bb background_color=\u00bbrgba(113,113,113,0.28)\u00bb global_colors_info=\u00bb{}\u00bb][\/et_pb_blurb][\/et_pb_column][et_pb_column type=\u00bb1_4&#8243; _builder_version=\u00bb4.27.0&#8243; _module_preset=\u00bbdefault\u00bb global_colors_info=\u00bb{}\u00bb][et_pb_blurb title=\u00bbFiltros\u00bb url=\u00bb@ET-DC@eyJkeW5hbWljIjp0cnVlLCJjb250ZW50IjoicG9zdF9saW5rX3VybF9wYWdlIiwic2V0dGluZ3MiOnsicG9zdF9pZCI6IjE2OSJ9fQ==@\u00bb image=\u00bbhttps:\/\/divevolkcanarias.com\/wp-content\/uploads\/2024\/07\/Red-Filter-67-mm-thread-suggested-use-depth-5-25m.webp\u00bb _builder_version=\u00bb4.27.0&#8243; _dynamic_attributes=\u00bburl\u00bb _module_preset=\u00bbed8c464f-e25f-4300-9e85-2236d98a8cfa\u00bb background_color=\u00bbrgba(173,59,56,0.26)\u00bb global_colors_info=\u00bb{}\u00bb][\/et_pb_blurb][\/et_pb_column][\/et_pb_row][et_pb_row column_structure=\u00bb1_3,1_3,1_3&#8243; use_custom_gutter=\u00bbon\u00bb gutter_width=\u00bb1&#8243; make_equal=\u00bbon\u00bb _builder_version=\u00bb4.27.0&#8243; _module_preset=\u00bbdefault\u00bb width=\u00bb100%\u00bb max_width=\u00bb2560px\u00bb global_colors_info=\u00bb{}\u00bb][et_pb_column type=\u00bb1_3&#8243; _builder_version=\u00bb4.27.0&#8243; _module_preset=\u00bbdefault\u00bb global_colors_info=\u00bb{}\u00bb][et_pb_blurb title=\u00bbProtectores\u00bb url=\u00bb@ET-DC@eyJkeW5hbWljIjp0cnVlLCJjb250ZW50IjoicG9zdF9saW5rX3VybF9wYWdlIiwic2V0dGluZ3MiOnsicG9zdF9pZCI6IjE4MSJ9fQ==@\u00bb image=\u00bbhttps:\/\/divevolkcanarias.com\/wp-content\/uploads\/2024\/07\/DIVEVOLK-EVA-BOX-for-Seatouch-underwater-housing.webp\u00bb _builder_version=\u00bb4.27.0&#8243; _dynamic_attributes=\u00bburl\u00bb _module_preset=\u00bbed8c464f-e25f-4300-9e85-2236d98a8cfa\u00bb background_color=\u00bbrgba(91,145,106,0.61)\u00bb global_colors_info=\u00bb{}\u00bb][\/et_pb_blurb][\/et_pb_column][et_pb_column type=\u00bb1_3&#8243; _builder_version=\u00bb4.27.0&#8243; _module_preset=\u00bbdefault\u00bb global_colors_info=\u00bb{}\u00bb][et_pb_blurb title=\u00bbExtensores\u00bb url=\u00bb@ET-DC@eyJkeW5hbWljIjp0cnVlLCJjb250ZW50IjoicG9zdF9saW5rX3VybF9wYWdlIiwic2V0dGluZ3MiOnsicG9zdF9pZCI6IjE3NSJ9fQ==@\u00bb image=\u00bbhttps:\/\/divevolkcanarias.com\/wp-content\/uploads\/2024\/07\/Divevolk-Seatouch-4-Max-Expansion-Clamp-with-67mm-adapters-arm.webp\u00bb _builder_version=\u00bb4.27.0&#8243; _dynamic_attributes=\u00bburl\u00bb _module_preset=\u00bbed8c464f-e25f-4300-9e85-2236d98a8cfa\u00bb background_color=\u00bb#8d9ee8&#8243; global_colors_info=\u00bb{}\u00bb][\/et_pb_blurb][\/et_pb_column][et_pb_column type=\u00bb1_3&#8243; _builder_version=\u00bb4.27.0&#8243; _module_preset=\u00bbdefault\u00bb global_colors_info=\u00bb{}\u00bb][et_pb_blurb title=\u00bbAdaptadores\u00bb url=\u00bb@ET-DC@eyJkeW5hbWljIjp0cnVlLCJjb250ZW50IjoicG9zdF9saW5rX3VybF9wYWdlIiwic2V0dGluZ3MiOnsicG9zdF9pZCI6IjE1OCJ9fQ==@\u00bb image=\u00bbhttps:\/\/divevolkcanarias.com\/wp-content\/uploads\/2024\/07\/Adaptador-PERSONALIZADO-para-cualquier-otro-modelo-de-smartphone.webp\u00bb _builder_version=\u00bb4.27.0&#8243; _dynamic_attributes=\u00bburl\u00bb _module_preset=\u00bbed8c464f-e25f-4300-9e85-2236d98a8cfa\u00bb background_color=\u00bb#dbc48a\u00bb global_colors_info=\u00bb{}\u00bb][\/et_pb_blurb][\/et_pb_column][\/et_pb_row][\/et_pb_section]<\/p>\n","protected":false},"excerpt":{"rendered":"<p>\u00a0Ideal para viajes y diferentes actividades.Correcci\u00f3n de color bajo el aguaDivevolk Seatouch es la \u00fanica carcasa para smartphone del mundo con pantalla t\u00e1ctil completa subacu\u00e1tica. \u00bfPero por qu\u00e9 una carcasa subacu\u00e1tica con pantalla t\u00e1ctil? La principal diferencia entre la carcasa subacu\u00e1tica SeaTouch y otras es la funci\u00f3n patentada de pantalla t\u00e1ctil completa. Puede acceder a [&hellip;]<\/p>\n","protected":false},"author":1,"featured_media":0,"parent":0,"menu_order":0,"comment_status":"closed","ping_status":"closed","template":"","meta":{"_et_pb_use_builder":"on","_et_pb_old_content":"","_et_gb_content_width":"","footnotes":""},"class_list":["post-91","page","type-page","status-publish","hentry"],"_links":{"self":[{"href":"https:\/\/divevolkcanarias.com\/index.php?rest_route=\/wp\/v2\/pages\/91","targetHints":{"allow":["GET"]}}],"collection":[{"href":"https:\/\/divevolkcanarias.com\/index.php?rest_route=\/wp\/v2\/pages"}],"about":[{"href":"https:\/\/divevolkcanarias.com\/index.php?rest_route=\/wp\/v2\/types\/page"}],"author":[{"embeddable":true,"href":"https:\/\/divevolkcanarias.com\/index.php?rest_route=\/wp\/v2\/users\/1"}],"replies":[{"embeddable":true,"href":"https:\/\/divevolkcanarias.com\/index.php?rest_route=%2Fwp%2Fv2%2Fcomments&post=91"}],"version-history":[{"count":19,"href":"https:\/\/divevolkcanarias.com\/index.php?rest_route=\/wp\/v2\/pages\/91\/revisions"}],"predecessor-version":[{"id":626,"href":"https:\/\/divevolkcanarias.com\/index.php?rest_route=\/wp\/v2\/pages\/91\/revisions\/626"}],"wp:attachment":[{"href":"https:\/\/divevolkcanarias.com\/index.php?rest_route=%2Fwp%2Fv2%2Fmedia&parent=91"}],"curies":[{"name":"wp","href":"https:\/\/api.w.org\/{rel}","templated":true}]}}