{"id":540,"date":"2024-07-25T10:05:56","date_gmt":"2024-07-25T09:05:56","guid":{"rendered":"https:\/\/divevolkcanarias.com\/?page_id=540"},"modified":"2024-07-25T10:33:33","modified_gmt":"2024-07-25T09:33:33","slug":"academia-divevolk","status":"publish","type":"page","link":"https:\/\/divevolkcanarias.com\/?page_id=540","title":{"rendered":"Academia Divevolk"},"content":{"rendered":"<p>[et_pb_section fb_built=\u00bb1&#8243; _builder_version=\u00bb4.27.0&#8243; _module_preset=\u00bbdefault\u00bb global_colors_info=\u00bb{}\u00bb theme_builder_area=\u00bbpost_content\u00bb][et_pb_row _builder_version=\u00bb4.27.0&#8243; _module_preset=\u00bbdefault\u00bb global_colors_info=\u00bb{}\u00bb theme_builder_area=\u00bbpost_content\u00bb][et_pb_column type=\u00bb4_4&#8243; _builder_version=\u00bb4.27.0&#8243; _module_preset=\u00bbdefault\u00bb global_colors_info=\u00bb{}\u00bb theme_builder_area=\u00bbpost_content\u00bb][et_pb_text _builder_version=\u00bb4.27.0&#8243; _module_preset=\u00bbdefault\u00bb text_font_size=\u00bb18px\u00bb text_line_height=\u00bb1.6em\u00bb header_2_text_color=\u00bb#244B7A\u00bb header_2_line_height=\u00bb1.2em\u00bb text_orientation=\u00bbcenter\u00bb hover_enabled=\u00bb0&#8243; custom_css_free_form=\u00bbh2 {margin-top: 30px;}\u00bb global_colors_info=\u00bb{}\u00bb theme_builder_area=\u00bbpost_content\u00bb sticky_enabled=\u00bb0&#8243;]<\/p>\n<p>La carcasa con pantalla t\u00e1ctil subacu\u00e1tica de la serie SeaTouch le permite manejar el tel\u00e9fono sin l\u00edmites, por lo que puede utilizar plenamente la funci\u00f3n del tel\u00e9fono haciendo que la fotograf\u00eda y el v\u00eddeo subacu\u00e1ticos sean m\u00e1s creativos.<\/p>\n<p>Aqu\u00ed hay algunos consejos que muestran c\u00f3mo hacer una mejor imagen y v\u00eddeo a trav\u00e9s de la pantalla t\u00e1ctil bajo el agua, y adem\u00e1s, hacer el viaje de buceo a\u00fan m\u00e1s seguro.<\/p>\n<h2>Parte 1<br \/>Fotograf\u00eda subacu\u00e1tica<\/h2>\n<p><a href=\"https:\/\/www.youtube.com\/watch?v=_mkWaAEeJ6I&amp;list=PLHPZ7Qt-leINBHGJY8_Zj0XsesMzvAdcu&amp;index=13\" target=\"_blank\" rel=\"noopener\"><img loading=\"lazy\" decoding=\"async\" src=\"https:\/\/divevolkcanarias.com\/wp-content\/uploads\/2024\/07\/p1-1-150x150.jpg\" width=\"150\" height=\"150\" alt=\"\" class=\"wp-image-554 aligncenter size-thumbnail\" \/>C\u00f3mo hacer una foto subacu\u00e1tica de fondo oscuro con el smartphone<\/a><\/p>\n<p><a href=\"https:\/\/www.youtube.com\/watch?v=gv4V3DQAwF0&amp;list=PLHPZ7Qt-leINBHGJY8_Zj0XsesMzvAdcu&amp;index=7\" target=\"_blank\" rel=\"noopener\"><img loading=\"lazy\" decoding=\"async\" src=\"https:\/\/divevolkcanarias.com\/wp-content\/uploads\/2024\/07\/p1-2-150x150.jpg\" width=\"150\" height=\"150\" alt=\"\" class=\"wp-image-555 aligncenter size-thumbnail\" \/>Enfoque con la pantalla t\u00e1ctil subacu\u00e1tica<\/a><\/p>\n<p><a href=\"https:\/\/www.youtube.com\/watch?v=LQ-8NjwnXqo&amp;list=PLHPZ7Qt-leINBHGJY8_Zj0XsesMzvAdcu&amp;index=4\" target=\"_blank\" rel=\"noopener\"><img loading=\"lazy\" decoding=\"async\" src=\"https:\/\/divevolkcanarias.com\/wp-content\/uploads\/2024\/07\/p1-3-150x150.jpg\" width=\"150\" height=\"150\" alt=\"\" class=\"wp-image-556 aligncenter size-thumbnail\" \/>Disparo en r\u00e1faga para captar el foco<\/a><\/p>\n<p><a href=\"https:\/\/www.youtube.com\/watch?v=gv4V3DQAwF0&amp;list=PLHPZ7Qt-leINBHGJY8_Zj0XsesMzvAdcu&amp;index=7\" target=\"_blank\" rel=\"noopener\"><img loading=\"lazy\" decoding=\"async\" src=\"https:\/\/divevolkcanarias.com\/wp-content\/uploads\/2024\/07\/p1-4-150x150.jpg\" width=\"150\" height=\"150\" alt=\"\" class=\"wp-image-557 aligncenter size-thumbnail\" \/>Diferentes formas de hacer zoom para un mejor encuadre<\/a><\/p>\n<p><a href=\"https:\/\/www.youtube.com\/watch?v=AmIqlOBbJ0o&amp;list=PLHPZ7Qt-leINBHGJY8_Zj0XsesMzvAdcu&amp;index=2\" target=\"_blank\" rel=\"noopener\"><img loading=\"lazy\" decoding=\"async\" src=\"https:\/\/divevolkcanarias.com\/wp-content\/uploads\/2024\/07\/p1-5-150x150.jpg\" width=\"150\" height=\"150\" alt=\"\" class=\"wp-image-558 aligncenter size-thumbnail\" \/>Tomar una foto cuando se est\u00e1 filmando<\/a><\/p>\n<p><a href=\"https:\/\/www.youtube.com\/watch?v=3oqUamrK76g&amp;list=PLHPZ7Qt-leINBHGJY8_Zj0XsesMzvAdcu&amp;index=6\" target=\"_blank\" rel=\"noopener\"><img loading=\"lazy\" decoding=\"async\" src=\"https:\/\/divevolkcanarias.com\/wp-content\/uploads\/2024\/07\/p1-6-150x150.jpg\" width=\"150\" height=\"150\" alt=\"\" class=\"wp-image-559 aligncenter size-thumbnail\" \/>Composici\u00f3n en tercios para el encuadre<\/a><\/p>\n<p><a href=\"https:\/\/www.youtube.com\/watch?v=0HBrQY9clFA&amp;list=PLHPZ7Qt-leINBHGJY8_Zj0XsesMzvAdcu&amp;index=14\" target=\"_blank\" rel=\"noopener\"><img loading=\"lazy\" decoding=\"async\" src=\"https:\/\/divevolkcanarias.com\/wp-content\/uploads\/2024\/07\/p1-7-150x150.jpg\" width=\"150\" height=\"150\" alt=\"\" class=\"wp-image-560 aligncenter size-thumbnail\" \/>C\u00f3mo filmar las olas de cristal<\/a><\/p>\n<p><a href=\"https:\/\/www.youtube.com\/watch?v=c8qer-KBxYU&amp;list=PLHPZ7Qt-leINBHGJY8_Zj0XsesMzvAdcu&amp;index=1\" target=\"_blank\" rel=\"noopener\"><img loading=\"lazy\" decoding=\"async\" src=\"https:\/\/divevolkcanarias.com\/wp-content\/uploads\/2024\/07\/p1-8-150x150.jpg\" width=\"150\" height=\"150\" alt=\"\" class=\"wp-image-561 aligncenter size-thumbnail\" \/>V\u00eddeo time-lapse del amanecer en la orilla del mar<\/a><\/p>\n<h2>Parte 2<br \/>\u00a1Usa cualquiera de tus APP favoritas para crear!<\/h2>\n<p><a href=\"https:\/\/www.youtube.com\/watch?v=SKKu-8ddYME&amp;list=PLHPZ7Qt-leINBHGJY8_Zj0XsesMzvAdcu&amp;index=12\" target=\"_blank\" rel=\"noopener\"><img loading=\"lazy\" decoding=\"async\" src=\"https:\/\/divevolkcanarias.com\/wp-content\/uploads\/2024\/07\/P2-150x150.jpg\" width=\"150\" height=\"150\" alt=\"\" class=\"wp-image-562 aligncenter size-thumbnail\" \/>Utilice la APP Filmic Pro para crear un v\u00eddeo subacu\u00e1tico profesional<\/a><\/p>\n<p>Animamos a todos los usuarios de nuestra carcasa SeaTouch a ampliar su creatividad utilizando su APP favorita bajo el agua. La innovaci\u00f3n comienza aqu\u00ed.<\/p>\n<h2>Parte 3<br \/>Seguridad bajo el agua<\/h2>\n<p><a href=\"https:\/\/www.youtube.com\/watch?v=MgNaS_H4ojQ&amp;list=PLHPZ7Qt-leINBHGJY8_Zj0XsesMzvAdcu&amp;index=10\" target=\"_blank\" rel=\"noopener\"><img loading=\"lazy\" decoding=\"async\" src=\"https:\/\/divevolkcanarias.com\/wp-content\/uploads\/2024\/07\/p3-1-150x150.jpg\" width=\"150\" height=\"150\" alt=\"\" class=\"wp-image-563 aligncenter size-thumbnail\" \/>Contacto de emergencia<\/a><\/p>\n<p><a href=\"https:\/\/www.youtube.com\/watch?v=okdNwpZQmAk&amp;list=PLHPZ7Qt-leINBHGJY8_Zj0XsesMzvAdcu&amp;index=9\" target=\"_blank\" rel=\"noopener\"><img loading=\"lazy\" decoding=\"async\" src=\"https:\/\/divevolkcanarias.com\/wp-content\/uploads\/2024\/07\/p3-2-150x150.jpg\" width=\"150\" height=\"150\" alt=\"\" class=\"wp-image-564 aligncenter size-thumbnail\" \/>Pruebas subacu\u00e1ticas<\/a><\/p>\n<p><a href=\"https:\/\/www.youtube.com\/watch?v=a17RUKinPRc&amp;list=PLHPZ7Qt-leINBHGJY8_Zj0XsesMzvAdcu&amp;index=8\" target=\"_blank\" rel=\"noopener\"><img loading=\"lazy\" decoding=\"async\" src=\"https:\/\/divevolkcanarias.com\/wp-content\/uploads\/2024\/07\/p3-3-150x150.jpg\" width=\"150\" height=\"150\" alt=\"\" class=\"wp-image-565 aligncenter size-thumbnail\" \/>Alarma de seguridad<\/a><\/p>\n<p><a href=\"https:\/\/www.youtube.com\/watch?v=4tuTKJ5xLAU&amp;list=PLHPZ7Qt-leINBHGJY8_Zj0XsesMzvAdcu&amp;index=11\" target=\"_blank\" rel=\"noopener\"><img loading=\"lazy\" decoding=\"async\" src=\"https:\/\/divevolkcanarias.com\/wp-content\/uploads\/2024\/07\/p3-4-150x150.jpg\" width=\"150\" height=\"150\" alt=\"\" class=\"wp-image-566 aligncenter size-thumbnail\" \/>Br\u00fajula subacu\u00e1tica<\/a><\/p>\n<p>[\/et_pb_text][\/et_pb_column][\/et_pb_row][\/et_pb_section]<\/p>\n","protected":false},"excerpt":{"rendered":"<p>La carcasa con pantalla t\u00e1ctil subacu\u00e1tica de la serie SeaTouch le permite manejar el tel\u00e9fono sin l\u00edmites, por lo que puede utilizar plenamente la funci\u00f3n del tel\u00e9fono haciendo que la fotograf\u00eda y el v\u00eddeo subacu\u00e1ticos sean m\u00e1s creativos. Aqu\u00ed hay algunos consejos que muestran c\u00f3mo hacer una mejor imagen y v\u00eddeo a trav\u00e9s de la [&hellip;]<\/p>\n","protected":false},"author":1,"featured_media":0,"parent":103,"menu_order":0,"comment_status":"closed","ping_status":"closed","template":"","meta":{"_et_pb_use_builder":"on","_et_pb_old_content":"","_et_gb_content_width":"","footnotes":""},"class_list":["post-540","page","type-page","status-publish","hentry"],"_links":{"self":[{"href":"https:\/\/divevolkcanarias.com\/index.php?rest_route=\/wp\/v2\/pages\/540","targetHints":{"allow":["GET"]}}],"collection":[{"href":"https:\/\/divevolkcanarias.com\/index.php?rest_route=\/wp\/v2\/pages"}],"about":[{"href":"https:\/\/divevolkcanarias.com\/index.php?rest_route=\/wp\/v2\/types\/page"}],"author":[{"embeddable":true,"href":"https:\/\/divevolkcanarias.com\/index.php?rest_route=\/wp\/v2\/users\/1"}],"replies":[{"embeddable":true,"href":"https:\/\/divevolkcanarias.com\/index.php?rest_route=%2Fwp%2Fv2%2Fcomments&post=540"}],"version-history":[{"count":5,"href":"https:\/\/divevolkcanarias.com\/index.php?rest_route=\/wp\/v2\/pages\/540\/revisions"}],"predecessor-version":[{"id":572,"href":"https:\/\/divevolkcanarias.com\/index.php?rest_route=\/wp\/v2\/pages\/540\/revisions\/572"}],"up":[{"embeddable":true,"href":"https:\/\/divevolkcanarias.com\/index.php?rest_route=\/wp\/v2\/pages\/103"}],"wp:attachment":[{"href":"https:\/\/divevolkcanarias.com\/index.php?rest_route=%2Fwp%2Fv2%2Fmedia&parent=540"}],"curies":[{"name":"wp","href":"https:\/\/api.w.org\/{rel}","templated":true}]}}