{"id":3,"date":"2024-07-18T08:51:00","date_gmt":"2024-07-18T08:51:00","guid":{"rendered":"https:\/\/divevolkcanarias.com\/?page_id=3"},"modified":"2024-07-18T21:27:35","modified_gmt":"2024-07-18T20:27:35","slug":"privacy-policy","status":"publish","type":"page","link":"https:\/\/divevolkcanarias.com\/?page_id=3","title":{"rendered":"Pol\u00edtica de Privacidad"},"content":{"rendered":"[et_pb_section fb_built=\u00bb1&#8243; admin_label=\u00bbsection\u00bb _builder_version=\u00bb4.16&#8243; global_colors_info=\u00bb{}\u00bb theme_builder_area=\u00bbpost_content\u00bb][et_pb_row admin_label=\u00bbrow\u00bb _builder_version=\u00bb4.16&#8243; background_size=\u00bbinitial\u00bb background_position=\u00bbtop_left\u00bb background_repeat=\u00bbrepeat\u00bb global_colors_info=\u00bb{}\u00bb theme_builder_area=\u00bbpost_content\u00bb][et_pb_column type=\u00bb4_4&#8243; _builder_version=\u00bb4.16&#8243; custom_padding=\u00bb|||\u00bb global_colors_info=\u00bb{}\u00bb custom_padding__hover=\u00bb|||\u00bb theme_builder_area=\u00bbpost_content\u00bb][et_pb_text admin_label=\u00bbText\u00bb _builder_version=\u00bb4.27.0&#8243; background_size=\u00bbinitial\u00bb background_position=\u00bbtop_left\u00bb background_repeat=\u00bbrepeat\u00bb hover_enabled=\u00bb0&#8243; global_colors_info=\u00bb{}\u00bb theme_builder_area=\u00bbpost_content\u00bb sticky_enabled=\u00bb0&#8243;]<p><\/p>\n<p>En este sitio web s\u00f3lo se recaban datos personales con el conocimiento y consentimiento de los usuarios. Si quiere tener una mayor informaci\u00f3n sobre los datos que se recogen y el trato que se les da a los datos personales puede leer esta Pol\u00edtica de Privacidad, as\u00ed como el Aviso Legal y la <a href=\"https:\/\/www.exinte.es\/politica-de-cookie-y-privacy\">Pol\u00edtica de Cookies<\/a>.<\/p>\n<p>A continuaci\u00f3n le informamos sobre la pol\u00edtica de protecci\u00f3n de datos de Exinte Imagen S.L.U :<\/p>\n<p><strong>1. RESPONSBLE DE TRATAMIENTO. QUI\u00c9N VA A TRATAR SUS DATOS.<br \/><\/strong>El responsable de tratamiento es Exinte Imagen S.L.U con CIF B38839437<\/p>\n<table>\n<tbody>\n<tr>\n<td>Identidad<\/td>\n<td>Exinte Imagen S.L.U<\/td>\n<\/tr>\n<tr>\n<td>\n<p class=\"p1\">Direcci\u00f3n<\/p>\n<\/td>\n<td>Calle Isidoro Luz Carpenter 1, 38009,<br \/>Santa Cruz de Tenerife Santa Cruz de Tenerife<\/td>\n<\/tr>\n<tr>\n<td>\n<p class=\"p1\">Tel\u00e9fono<\/p>\n<\/td>\n<td>\n<p class=\"p1\">922595996<\/p>\n<\/td>\n<\/tr>\n<tr>\n<td>\n<p class=\"p1\">Email<\/p>\n<\/td>\n<td>\n<p class=\"p1\">imagen@exinte.net<\/p>\n<\/td>\n<\/tr>\n<\/tbody>\n<\/table>\n<p><strong>2. PROCEDENCIA DE LOS DATOS<\/strong><br \/>Los datos personales que trata Exinte Imagen S.L.U proceden directamente de usted mediante:<\/p>\n<ul>\n<li>Formularios web ( Contacto, bolsa de trabajo..)<\/li>\n<li>Correo electr\u00f3nico \u2022 Formularios en papel<\/li>\n<li>Telef\u00f3nicamente<\/li>\n<\/ul>\n<p class=\"p1\">Las categor\u00edas de datos que se tratan son:<\/p>\n<ul>\n<li class=\"p1\">Car\u00e1cter identificativo<\/li>\n<li class=\"p1\">Datos de contacto<\/li>\n<li class=\"p1\">Datos bancarios<\/li>\n<\/ul>\n<p><strong>3. FINALIDAD. \u00bfPARA QU\u00c9 SE UTILIZAN SUS DATOS PERSONALES?<\/strong><br \/>Exinte Imagen S.L.U le informa al Usuario de que podr\u00e1 tratar los datos de car\u00e1cter personal que el Usuario facilite voluntariamente a trav\u00e9s de nuestra web, email o de manera presencial que ser\u00e1n incorporados a nuestros sistemas de informaci\u00f3n para la finalidad que se indican a continuaci\u00f3n, en la medida en que exista una base legal para cada tratamiento seg\u00fan se explica m\u00e1s adelante:<\/p>\n<ul>\n<li><strong>GESTIONES COMERCIALES Y ADMINISTRATIVAS<\/strong><br \/>Esta finalidad incluye el tratamiento de tus datos para, principalmente:<\/li>\n<\/ul>\n<ol>\n<li>Contactar con usted en relaci\u00f3n a actualizaciones o comunicaciones informativas relacionadas con las funcionalidades, productos o servicios contratados.<\/li>\n<li>Gestionar el pago de los productos o servicios solicitados, independientemente del medio de pago utilizado.<\/li>\n<li>Con fines de facturaci\u00f3n.<\/li>\n<li>\u00a0<\/li>\n<\/ol>\n<ul>\n<li>\u00a0<strong>RESULUCI\u00d3N DE CONSULTAS O DUDAS<\/strong><br \/>S\u00f3lo tratamos los datos personales que sean estrictamente necesarios para gestionar o resolver tu solicitud o petici\u00f3n.<\/li>\n<\/ul>\n<ul>\n<li><strong>ENV\u00cdO DE CV<\/strong><br \/>En el supuesto de que el usuario env\u00ede su CV a trav\u00e9s de nuestra web, le informamos que los datos aportados ser\u00e1n tratados para hacerlo part\u00edcipe de los procesos de selecci\u00f3n que pueda haber, llevando a cabo un an\u00e1lisis del perfil del solicitante con el objetivo de seleccionar el mejor candidato para el lugar vacante del Responsable. En caso de producirse alguna modificaci\u00f3n en los datos, le rogamos nos lo comunique por escrito lo antes posible, con objeto de mantener sus datos debidamente actualizados.\n<p>&nbsp;<\/p>\n<p>Los datos se conservar\u00e1n durante un plazo m\u00e1ximo de un a\u00f1o, transcurrido el cual se proceder\u00e1 a la supresi\u00f3n de los datos garantiz\u00e1ndole un total respeto a la confidencialidad tanto en el tratamiento como en su posterior destrucci\u00f3n. En este sentido, transcurrido el mencionado plazo, y si desea continuar participando en los procesos de selecci\u00f3n del Responsable, le rogamos nos remita nuevamente su curr\u00edculum.<\/p>\n<p>Los datos se podr\u00e1n tratar y\/o comunicar a las empresas integrantes de nuestro grupo durante el tiempo de conservaci\u00f3n de su curr\u00edculum y para los mismos fines antes informados.<\/p>\n<p>Recuerde que, cuando le pidamos que rellene sus datos personales para darle acceso a alguna funcionalidad o servicio, marcaremos algunos campos como obligatorios, puesto que son datos que necesitamos para poder prestarle el servicio o darle acceso a la funcionalidad en cuesti\u00f3n. Por favor, tenga en cuenta que si decide no facilitarnos esos datos, es posible que no pueda completar su registro como usuario o que no pueda disfrutar de esos servicios o funcionalidades.<\/p>\n<p><strong>Exinte Imagen S.L.U<\/strong> procurar\u00e1 en todo momento establecer mecanismos adecuados para obtener el consentimiento del usuario en cada uno de los formularios. El usuario garantiza la veracidad de los datos aportados y se compromete a comunicar cualquier cambio que se produzca en los mismos.<\/p>\n<\/li>\n<\/ul>\n<p><strong>4. LEGITIMACI\u00d3N. \u00bfPOR QU\u00c9 USAMOS SUS DATOS PERSONALES?<br \/><\/strong>Exinte Imagen S.L.U est\u00e1 legitimado para usar sus datos personales por diferentes motivos. El principal es para poder prestarle el servicio que usted ha solicitado, ya sea a trav\u00e9s de nuestra web o por alg\u00fan otro medio facilitado. Asimismo, tambi\u00e9n podremos estar legitimados dado su inter\u00e9s para poder atender sus consultas o en el consentimiento que nos presta para enviarle presupuesto, nuestra newsletter, o suscribirse a nuestro blog.<\/p>\n<p><strong>5. CONSERVACI\u00d3N DE SUS DATOS. \u00bfCU\u00c1NTO TIEMPO LOS CONSERVAREMOS?<\/strong><br \/>Los datos personales proporcionados se conservar\u00e1n durante el tiempo necesario para cumplir con la finalidad para la que se recaban. Una vez finalizado este plazo conservaremos tus datos debidamente guardados y protegidos durante los plazos de prescripci\u00f3n legal exigidos. Una vez prescriban las posibles acciones de cada caso, procederemos a la supresi\u00f3n de los datos personales.<\/p>\n<p><strong>6. \u00bfA QUI\u00c9N COMUNICAMOS SUS DATOS?<\/strong><br \/>Para cumplir las finalidades indicadas en la presente Pol\u00edtica de Privacidad, es necesario que demos acceso a tus datos<br \/>personales a entidades que nos prestan apoyo en los servicios que te ofrecemos, a saber:<\/p>\n<ul>\n<li>Entidades financieras<\/li>\n<li>Proveedores de servicios tecnol\u00f3gicos<\/li>\n<li>Entidades de asesoramiento empresarial<\/li>\n<\/ul>\n<p>Al margen de las se\u00f1aladas, Exinte Imagen S.L.U no ceder\u00e1 los datos personales a terceros, excepto por obligaci\u00f3n legal. Sin embargo, en el caso de ser cedidos a alg\u00fan tercero se informar\u00e1 previamente al usuario solicitando el consentimiento expreso para tal cesi\u00f3n. La entidad responsable de la base de datos, as\u00ed como los que intervengan en cualquier fase del tratamiento y\/o las entidades a quienes se los haya comunicado -en todo caso siempre con la correspondiente autorizaci\u00f3n otorgada por el usuario-, est\u00e1n obligadas a observar el secreto profesional y a la adopci\u00f3n de los niveles de protecci\u00f3n y las medidas t\u00e9cnicas y organizativas necesarias a su alcance para garantizar la seguridad de los datos de car\u00e1cter personal, evitando, dentro de lo posible, accesos no autorizados,modificaciones il\u00edcitas, sustracciones y\/o la p\u00e9rdida de los datos, con objeto de procurar el correspondiente nivel de seguridad de los ficheros, seg\u00fan la naturaleza y sensibilidad de los datos facilitados por los usuarios del presente sitio web.<\/p>\n<p><strong>8. DERECHOS QUE PUEDE EJERCER<\/strong> El interesado puede ejercer los siguientes derechos:<\/p>\n<ul>\n<li>Derecho a solicitar el acceso a sus datos personales.<\/li>\n<li>Derecho a solicitar su rectificaci\u00f3n o supresi\u00f3n.<\/li>\n<li>Derecho a solicitar la limitaci\u00f3n de su tratamiento.<\/li>\n<li>Derecho a oponerse al tratamiento.<\/li>\n<li>Derecho a la portabilidad de los datos.<\/li>\n<li>Derecho a retirar el consentimiento prestado.<\/li>\n<\/ul>\n<p>El usuario podr\u00e1 ejercer cualquier de estos derechos dirigi\u00e9ndose a Calle Isidoro Luz Carpenter 1, 38009, Santa Cruz de Tenerife Santa Cruz de Tenerife o enviando un correo electr\u00f3nico a imagen@exinte.net , indicando como Asunto: \u201cRGPD\/LOPD, Derechos ARCO\u201d, y adjuntando fotocopia de su DNI o cualquier medio de identificaci\u00f3n an\u00e1logo, tal y como indica la ley. Exinte Imagen S.L.U deber\u00e1 contestar la solicitud en el plazo de un mes a partir de la recepci\u00f3n de la solicitud. Dicho plazo podr\u00e1 prorrogarse otros dos meses en el caso de ser necesario, teniendo en cuenta la complejidad y el n\u00famero de solicitudes.<\/p>\n<p>Tiene derecho a retirar el consentimiento prestado en cualquier momento enviando correo electr\u00f3nico a imagen@exinte.net . La retirada del consentimiento no afectar\u00e1 a la licitud del tratamiento efectuado antes de la retirada del consentimiento. Tambi\u00e9n tiene derecho a presentar una reclamaci\u00f3n ante la autoridad de control si considera que pueden haberse visto vulnerados sus derechos en relaci\u00f3n a la protecci\u00f3n de sus datos (agpd.es).<\/p>\n<p><strong>8. SUS DATOS EST\u00c1N SEGUROS<\/strong><br \/>Exinte Imagen S.L.U garantiza que ha implementado medidas de seguridad, t\u00e9cnicas y organizativas apropiadas para garantizar y proteger la confidencialidad, integridad y disponibilidad de los datos personados que cada usuario proporciona.<\/p>\n<p><strong>9. CAMBIOS EN LA POL\u00cdTICA DE PRIVACIDAD<\/strong><br \/>Exinte Imagen S.L.U se reserva el derecho a modificar la presente pol\u00edtica para adaptarla a novedades legislativas o jurisprudenciales.<\/p>\n<p><strong>10. CONTENIDO DE LA WEB Y ENLACES (LINKS)<\/strong> Exinte Imagen S.L.U se reserva el derecho a actualizar, modificar o eliminar la informaci\u00f3n contenida en la web, pudiendo, incluso, limitar o no permitir el acceso a la informaci\u00f3n. Exinte Imagen S.L.U no asume ning\u00fan tipo de responsabilidad por la informaci\u00f3n contenida en las Webs de terceros a las que se pueda acceder por los \u00ablinks\u00bb o enlaces desde cualquier p\u00e1gina Web propiedad del Prestador. La presencia de \u00ablinks\u00bb o enlaces s\u00f3lo tienen finalidad informativa y en ning\u00fan caso supone ninguna sugerencia, invitaci\u00f3n o reconocimiento sobre los mismos.<\/p>\n<p><strong>11. CORREOS COMERCIALES<\/strong> De acuerdo con la LSSICE, Exinte Imagen S.L.U no realiza pr\u00e1cticas de SPAM, por lo tanto, no env\u00eda correos comerciales por e-mail que no hayan sido previamente solicitados o autorizados por el Usuario. En consecuencia, en cada uno de los formularios de la P\u00e1gina Web, el usuario tiene la posibilidad de dar su consentimiento expreso para recibir nuestro bolet\u00edn, con independencia de la informaci\u00f3n comercial puntualmente solicitada.<\/p>\n<p><strong>12. \u00bfALGUNA CONSULTA SOBRE ESTA POL\u00cdTICA O TUS DERECHOS?<br \/><\/strong>En el caso de tener alguna duda o pregunta sobre la pol\u00edtica de privacidad o sobre c\u00f3mo gestionar alg\u00fan dato personal que nos hayas proporcionado puedes contactar en imagen@exinte.net.<\/p>\n<p><\/p>[\/et_pb_text][\/et_pb_column][\/et_pb_row][\/et_pb_section]","protected":false},"excerpt":{"rendered":"<p>En este sitio web s\u00f3lo se recaban datos personales con el conocimiento y consentimiento de los usuarios. Si quiere tener una mayor informaci\u00f3n sobre los datos que se recogen y el trato que se les da a los datos personales puede leer esta Pol\u00edtica de Privacidad, as\u00ed como el Aviso Legal y la Pol\u00edtica de [&hellip;]<\/p>\n","protected":false},"author":1,"featured_media":0,"parent":0,"menu_order":0,"comment_status":"closed","ping_status":"closed","template":"","meta":{"_et_pb_use_builder":"on","_et_pb_old_content":"<!-- wp:heading -->\n<h2 class=\"wp-block-heading\">Who we are<\/h2>\n<!-- \/wp:heading -->\n<!-- wp:paragraph -->\n<p><strong class=\"privacy-policy-tutorial\">Suggested text: <\/strong>Our website address is: https:\/\/divevolkcanarias.com.<\/p>\n<!-- \/wp:paragraph -->\n<!-- wp:heading -->\n<h2 class=\"wp-block-heading\">Comments<\/h2>\n<!-- \/wp:heading -->\n<!-- wp:paragraph -->\n<p><strong class=\"privacy-policy-tutorial\">Suggested text: <\/strong>When visitors leave comments on the site we collect the data shown in the comments form, and also the visitor&#8217;s IP address and browser user agent string to help spam detection.<\/p>\n<!-- \/wp:paragraph -->\n<!-- wp:paragraph -->\n<p>An anonymized string created from your email address (also called a hash) may be provided to the Gravatar service to see if you are using it. The Gravatar service privacy policy is available here: https:\/\/automattic.com\/privacy\/. After approval of your comment, your profile picture is visible to the public in the context of your comment.<\/p>\n<!-- \/wp:paragraph -->\n<!-- wp:heading -->\n<h2 class=\"wp-block-heading\">Media<\/h2>\n<!-- \/wp:heading -->\n<!-- wp:paragraph -->\n<p><strong class=\"privacy-policy-tutorial\">Suggested text: <\/strong>If you upload images to the website, you should avoid uploading images with embedded location data (EXIF GPS) included. Visitors to the website can download and extract any location data from images on the website.<\/p>\n<!-- \/wp:paragraph -->\n<!-- wp:heading -->\n<h2 class=\"wp-block-heading\">Cookies<\/h2>\n<!-- \/wp:heading -->\n<!-- wp:paragraph -->\n<p><strong class=\"privacy-policy-tutorial\">Suggested text: <\/strong>If you leave a comment on our site you may opt-in to saving your name, email address and website in cookies. These are for your convenience so that you do not have to fill in your details again when you leave another comment. These cookies will last for one year.<\/p>\n<!-- \/wp:paragraph -->\n<!-- wp:paragraph -->\n<p>If you visit our login page, we will set a temporary cookie to determine if your browser accepts cookies. This cookie contains no personal data and is discarded when you close your browser.<\/p>\n<!-- \/wp:paragraph -->\n<!-- wp:paragraph -->\n<p>When you log in, we will also set up several cookies to save your login information and your screen display choices. Login cookies last for two days, and screen options cookies last for a year. If you select &quot;Remember Me&quot;, your login will persist for two weeks. If you log out of your account, the login cookies will be removed.<\/p>\n<!-- \/wp:paragraph -->\n<!-- wp:paragraph -->\n<p>If you edit or publish an article, an additional cookie will be saved in your browser. This cookie includes no personal data and simply indicates the post ID of the article you just edited. It expires after 1 day.<\/p>\n<!-- \/wp:paragraph -->\n<!-- wp:heading -->\n<h2 class=\"wp-block-heading\">Embedded content from other websites<\/h2>\n<!-- \/wp:heading -->\n<!-- wp:paragraph -->\n<p><strong class=\"privacy-policy-tutorial\">Suggested text: <\/strong>Articles on this site may include embedded content (e.g. videos, images, articles, etc.). Embedded content from other websites behaves in the exact same way as if the visitor has visited the other website.<\/p>\n<!-- \/wp:paragraph -->\n<!-- wp:paragraph -->\n<p>These websites may collect data about you, use cookies, embed additional third-party tracking, and monitor your interaction with that embedded content, including tracking your interaction with the embedded content if you have an account and are logged in to that website.<\/p>\n<!-- \/wp:paragraph -->\n<!-- wp:heading -->\n<h2 class=\"wp-block-heading\">Who we share your data with<\/h2>\n<!-- \/wp:heading -->\n<!-- wp:paragraph -->\n<p><strong class=\"privacy-policy-tutorial\">Suggested text: <\/strong>If you request a password reset, your IP address will be included in the reset email.<\/p>\n<!-- \/wp:paragraph -->\n<!-- wp:heading -->\n<h2 class=\"wp-block-heading\">How long we retain your data<\/h2>\n<!-- \/wp:heading -->\n<!-- wp:paragraph -->\n<p><strong class=\"privacy-policy-tutorial\">Suggested text: <\/strong>If you leave a comment, the comment and its metadata are retained indefinitely. This is so we can recognize and approve any follow-up comments automatically instead of holding them in a moderation queue.<\/p>\n<!-- \/wp:paragraph -->\n<!-- wp:paragraph -->\n<p>For users that register on our website (if any), we also store the personal information they provide in their user profile. All users can see, edit, or delete their personal information at any time (except they cannot change their username). Website administrators can also see and edit that information.<\/p>\n<!-- \/wp:paragraph -->\n<!-- wp:heading -->\n<h2 class=\"wp-block-heading\">What rights you have over your data<\/h2>\n<!-- \/wp:heading -->\n<!-- wp:paragraph -->\n<p><strong class=\"privacy-policy-tutorial\">Suggested text: <\/strong>If you have an account on this site, or have left comments, you can request to receive an exported file of the personal data we hold about you, including any data you have provided to us. You can also request that we erase any personal data we hold about you. This does not include any data we are obliged to keep for administrative, legal, or security purposes.<\/p>\n<!-- \/wp:paragraph -->\n<!-- wp:heading -->\n<h2 class=\"wp-block-heading\">Where your data is sent<\/h2>\n<!-- \/wp:heading -->\n<!-- wp:paragraph -->\n<p><strong class=\"privacy-policy-tutorial\">Suggested text: <\/strong>Visitor comments may be checked through an automated spam detection service.<\/p>\n<!-- \/wp:paragraph -->\n","_et_gb_content_width":"","footnotes":""},"class_list":["post-3","page","type-page","status-publish","hentry"],"_links":{"self":[{"href":"https:\/\/divevolkcanarias.com\/index.php?rest_route=\/wp\/v2\/pages\/3","targetHints":{"allow":["GET"]}}],"collection":[{"href":"https:\/\/divevolkcanarias.com\/index.php?rest_route=\/wp\/v2\/pages"}],"about":[{"href":"https:\/\/divevolkcanarias.com\/index.php?rest_route=\/wp\/v2\/types\/page"}],"author":[{"embeddable":true,"href":"https:\/\/divevolkcanarias.com\/index.php?rest_route=\/wp\/v2\/users\/1"}],"replies":[{"embeddable":true,"href":"https:\/\/divevolkcanarias.com\/index.php?rest_route=%2Fwp%2Fv2%2Fcomments&post=3"}],"version-history":[{"count":5,"href":"https:\/\/divevolkcanarias.com\/index.php?rest_route=\/wp\/v2\/pages\/3\/revisions"}],"predecessor-version":[{"id":349,"href":"https:\/\/divevolkcanarias.com\/index.php?rest_route=\/wp\/v2\/pages\/3\/revisions\/349"}],"wp:attachment":[{"href":"https:\/\/divevolkcanarias.com\/index.php?rest_route=%2Fwp%2Fv2%2Fmedia&parent=3"}],"curies":[{"name":"wp","href":"https:\/\/api.w.org\/{rel}","templated":true}]}}