{"id":184,"date":"2024-07-18T18:38:45","date_gmt":"2024-07-18T17:38:45","guid":{"rendered":"https:\/\/divevolkcanarias.com\/?page_id=184"},"modified":"2024-07-24T12:34:32","modified_gmt":"2024-07-24T11:34:32","slug":"iluminacion","status":"publish","type":"page","link":"https:\/\/divevolkcanarias.com\/?page_id=184","title":{"rendered":"Iluminaci\u00f3n"},"content":{"rendered":"<p>[et_pb_section fb_built=\u00bb1&#8243; _builder_version=\u00bb4.27.0&#8243; _module_preset=\u00bbdefault\u00bb global_colors_info=\u00bb{}\u00bb theme_builder_area=\u00bbpost_content\u00bb][et_pb_row _builder_version=\u00bb4.27.0&#8243; _module_preset=\u00bbdefault\u00bb width=\u00bb100%\u00bb max_width=\u00bb2560px\u00bb global_colors_info=\u00bb{}\u00bb theme_builder_area=\u00bbpost_content\u00bb][et_pb_column type=\u00bb4_4&#8243; _builder_version=\u00bb4.27.0&#8243; _module_preset=\u00bbdefault\u00bb global_colors_info=\u00bb{}\u00bb theme_builder_area=\u00bbpost_content\u00bb][el_dynamic_masonry_gallery gallery_order_by=\u00bbtitle\u00bb include_categories=\u00bb26&#8243; number_of_columns=\u00bb3&#8243; enable_lightbox=\u00bbon\u00bb number_of_columns_tablet=\u00bb2&#8243; number_of_columns_phone=\u00bb1&#8243; number_of_columns_last_edited=\u00bbon|phone\u00bb _builder_version=\u00bb4.27.0&#8243; _module_preset=\u00bbdefault\u00bb hover_enabled=\u00bb0&#8243; global_colors_info=\u00bb{}\u00bb theme_builder_area=\u00bbpost_content\u00bb sticky_enabled=\u00bb0&#8243;][\/el_dynamic_masonry_gallery][\/et_pb_column][\/et_pb_row][\/et_pb_section]<\/p>\n","protected":false},"excerpt":{"rendered":"<div class=\"et_pb_module el_dynamic_masonry_gallery el_dynamic_masonry_gallery_0\">\n\t\t\t\t\n\t\t\t\t\n\t\t\t\t\n\t\t\t\t\n\t\t\t\t\n\t\t\t\t\n\t\t\t\t<div class=\"et_pb_module_inner\">\n\t\t\t\t\t\n\t\t\t\t<div class=\"el_masonry_gallery_wrapper\"data-enable_lightbox=\"on\" data-lightbox_effect=\"zoom\" data-enable_navigation=\"on\" data-isotope_transition_duration=\"400\" data-lightbox_transition_duration=\"300\">\n\t\t\t\t\t<div class=\"el_masonry_gallery_item_gutter\"><\/div>\n\t\t\t\t\t<div data-mfp-src=\"https:\/\/divevolkcanarias.com\/wp-content\/uploads\/2024\/07\/12000-Lumen-underwater-video-light-for-Underwater-Photography.webp\" class=\"el_masonry_gallery_item el_masonry_gallery_item_page_1\">\n\t\t\t\t\t\t\t<div class=\"el_masonry_gallery_image_wrapper\"><img width=\"300\" height=\"300\" src=\"https:\/\/divevolkcanarias.com\/wp-content\/uploads\/2024\/07\/12000-Lumen-underwater-video-light-for-Underwater-Photography-300x300.webp\" class=\"attachment-medium size-medium no-lazyload skip-lazy iluminacion\" alt=\"12000 Lumen underwater video light for Underwater Photography\" data-categories=\"26\" decoding=\"async\" loading=\"lazy\" \/> <span class=\"et_overlay et_pb_inline_icon\" data-icon=\"T\"><\/span><\/div>\n\t\t\t\t\t\t\t<div class=\"el_masonry_gallery_title_caption_wrapper\"><h4 class=\"el_masonry_gallery_item_title\">Foco Video Profesional SL120 (12000 lumen)<\/h4> <p class=\"el_masonry_gallery_item_caption\">Con un LED COB de 27 mm de calidad cinematogr\u00e1fica, la V6Kv2 es una luz de v\u00eddeo submarina profesional. 12000lumens para un gran \u00e1ngulo de 120 grados.<\/p><\/div>\n\t\t\t\t\t\t<\/div><div data-mfp-src=\"https:\/\/divevolkcanarias.com\/wp-content\/uploads\/2024\/07\/5000-Lumen-professional-underwater-video-light-wide-angle-120-degree.webp\" class=\"el_masonry_gallery_item el_masonry_gallery_item_page_1\">\n\t\t\t\t\t\t\t<div class=\"el_masonry_gallery_image_wrapper\"><img width=\"300\" height=\"300\" src=\"https:\/\/divevolkcanarias.com\/wp-content\/uploads\/2024\/07\/5000-Lumen-professional-underwater-video-light-wide-angle-120-degree-300x300.webp\" class=\"attachment-medium size-medium no-lazyload skip-lazy iluminacion\" alt=\"5000 Lumen professional underwater video light wide angle 120 degree.\" data-categories=\"26\" decoding=\"async\" loading=\"lazy\" \/> <span class=\"et_overlay et_pb_inline_icon\" data-icon=\"T\"><\/span><\/div>\n\t\t\t\t\t\t\t<div class=\"el_masonry_gallery_title_caption_wrapper\"><h4 class=\"el_masonry_gallery_item_title\">Foco Profesional SL50 (5000 lumen &#8211; 120\u00ba)<\/h4> <p class=\"el_masonry_gallery_item_caption\">Foco de v\u00eddeo profesional  de 5000 lumens con un \u00e1ngulo de 120 grados. Funciona como accesorio para la carcasa SeaTouch 4 max. Para una correcta instalaci\u00f3n, es necesaria la abrazadera de extensi\u00f3n + un brazo o bandeja de una o doble asa. <\/p><\/div>\n\t\t\t\t\t\t<\/div><div data-mfp-src=\"https:\/\/divevolkcanarias.com\/wp-content\/uploads\/2024\/07\/Dive-Light-2000-lumen-SL20-for-Underwater-Photography.webp\" class=\"el_masonry_gallery_item el_masonry_gallery_item_page_1\">\n\t\t\t\t\t\t\t<div class=\"el_masonry_gallery_image_wrapper\"><img width=\"300\" height=\"300\" src=\"https:\/\/divevolkcanarias.com\/wp-content\/uploads\/2024\/07\/Dive-Light-2000-lumen-SL20-for-Underwater-Photography-300x300.webp\" class=\"attachment-medium size-medium no-lazyload skip-lazy iluminacion\" alt=\"Dive Light 2000 lumen SL20 for Underwater Photography\" data-categories=\"26\" decoding=\"async\" loading=\"lazy\" \/> <span class=\"et_overlay et_pb_inline_icon\" data-icon=\"T\"><\/span><\/div>\n\t\t\t\t\t\t\t<div class=\"el_masonry_gallery_title_caption_wrapper\"><h4 class=\"el_masonry_gallery_item_title\">Foco de buceo SL20 (para foco de 2000 lumen)<\/h4> <p class=\"el_masonry_gallery_item_caption\">Foco de v\u00eddeo de 2000 lumens. Funciona como accesorio para la carcasa SeaTouch 4 max. Para una correcta instalaci\u00f3n, es necesaria la abrazadera de extensi\u00f3n + un brazo o bandeja de una o doble asa.<\/p><\/div>\n\t\t\t\t\t\t<\/div><div data-mfp-src=\"https:\/\/divevolkcanarias.com\/wp-content\/uploads\/2024\/07\/Spare-Battery-for-SL50-diving-light.webp\" class=\"el_masonry_gallery_item el_masonry_gallery_item_page_1\">\n\t\t\t\t\t\t\t<div class=\"el_masonry_gallery_image_wrapper\"><img width=\"300\" height=\"300\" src=\"https:\/\/divevolkcanarias.com\/wp-content\/uploads\/2024\/07\/Spare-Battery-for-SL50-diving-light-300x300.webp\" class=\"attachment-medium size-medium no-lazyload skip-lazy iluminacion\" alt=\"Spare Battery for SL50 diving light\" data-categories=\"26\" decoding=\"async\" loading=\"lazy\" \/> <span class=\"et_overlay et_pb_inline_icon\" data-icon=\"T\"><\/span><\/div>\n\t\t\t\t\t\t\t<div class=\"el_masonry_gallery_title_caption_wrapper\"><h4 class=\"el_masonry_gallery_item_title\">Bater\u00eda de repuesto SL50<\/h4> <p class=\"el_masonry_gallery_item_caption\">Spare Battery for SL50 diving light<\/p><\/div>\n\t\t\t\t\t\t<\/div><div data-mfp-src=\"https:\/\/divevolkcanarias.com\/wp-content\/uploads\/2024\/07\/Spare-Battery-for-SL20-diving-light.webp\" class=\"el_masonry_gallery_item el_masonry_gallery_item_page_1\">\n\t\t\t\t\t\t\t<div class=\"el_masonry_gallery_image_wrapper\"><img width=\"300\" height=\"300\" src=\"https:\/\/divevolkcanarias.com\/wp-content\/uploads\/2024\/07\/Spare-Battery-for-SL20-diving-light-300x300.webp\" class=\"attachment-medium size-medium no-lazyload skip-lazy iluminacion\" alt=\"Spare Battery for SL20 diving light\" data-categories=\"26\" decoding=\"async\" loading=\"lazy\" \/> <span class=\"et_overlay et_pb_inline_icon\" data-icon=\"T\"><\/span><\/div>\n\t\t\t\t\t\t\t<div class=\"el_masonry_gallery_title_caption_wrapper\"><h4 class=\"el_masonry_gallery_item_title\">Bater\u00eda de repuesto SL20<\/h4> <p class=\"el_masonry_gallery_item_caption\">Spare Battery for SL20 diving light<\/p><\/div>\n\t\t\t\t\t\t<\/div><div data-mfp-src=\"https:\/\/divevolkcanarias.com\/wp-content\/uploads\/2024\/07\/Spare-Battery-for-SL120-diving-light.webp\" class=\"el_masonry_gallery_item el_masonry_gallery_item_page_1\">\n\t\t\t\t\t\t\t<div class=\"el_masonry_gallery_image_wrapper\"><img width=\"300\" height=\"300\" src=\"https:\/\/divevolkcanarias.com\/wp-content\/uploads\/2024\/07\/Spare-Battery-for-SL120-diving-light-300x300.webp\" class=\"attachment-medium size-medium no-lazyload skip-lazy iluminacion\" alt=\"Spare Battery for SL120 diving light\" data-categories=\"26\" decoding=\"async\" loading=\"lazy\" \/> <span class=\"et_overlay et_pb_inline_icon\" data-icon=\"T\"><\/span><\/div>\n\t\t\t\t\t\t\t<div class=\"el_masonry_gallery_title_caption_wrapper\"><h4 class=\"el_masonry_gallery_item_title\">Bater\u00eda de repuesto SL120<\/h4> <p class=\"el_masonry_gallery_item_caption\">Spare Battery for SL120 diving light<\/p><\/div>\n\t\t\t\t\t\t<\/div><div data-mfp-src=\"https:\/\/divevolkcanarias.com\/wp-content\/uploads\/2024\/07\/Snoot-for-2000-Lumen-diving-light.webp\" class=\"el_masonry_gallery_item el_masonry_gallery_item_page_1\">\n\t\t\t\t\t\t\t<div class=\"el_masonry_gallery_image_wrapper\"><img width=\"300\" height=\"300\" src=\"https:\/\/divevolkcanarias.com\/wp-content\/uploads\/2024\/07\/Snoot-for-2000-Lumen-diving-light-300x300.webp\" class=\"attachment-medium size-medium no-lazyload skip-lazy iluminacion\" alt=\"Snoot for 2000 Lumen diving light\" data-categories=\"26\" decoding=\"async\" loading=\"lazy\" \/> <span class=\"et_overlay et_pb_inline_icon\" data-icon=\"T\"><\/span><\/div>\n\t\t\t\t\t\t\t<div class=\"el_masonry_gallery_title_caption_wrapper\"><h4 class=\"el_masonry_gallery_item_title\">Accesorio Snoot (para foco de 2000 lumen)<\/h4> <p class=\"el_masonry_gallery_item_caption\">Snoot for 2000 Lumen diving light<\/p><\/div>\n\t\t\t\t\t\t<\/div><div data-mfp-src=\"https:\/\/divevolkcanarias.com\/wp-content\/uploads\/2024\/07\/Color-Filter-wheel-for-2000-Lumen-diving-light.webp\" class=\"el_masonry_gallery_item el_masonry_gallery_item_page_1\">\n\t\t\t\t\t\t\t<div class=\"el_masonry_gallery_image_wrapper\"><img width=\"300\" height=\"300\" src=\"https:\/\/divevolkcanarias.com\/wp-content\/uploads\/2024\/07\/Color-Filter-wheel-for-2000-Lumen-diving-light-300x300.webp\" class=\"attachment-medium size-medium no-lazyload skip-lazy iluminacion\" alt=\"Color Filter wheel for 2000 Lumen diving light\" data-categories=\"26\" decoding=\"async\" loading=\"lazy\" \/> <span class=\"et_overlay et_pb_inline_icon\" data-icon=\"T\"><\/span><\/div>\n\t\t\t\t\t\t\t<div class=\"el_masonry_gallery_title_caption_wrapper\"><h4 class=\"el_masonry_gallery_item_title\">Accesorio Filtro de colores para foco de 2000 lumen<\/h4> <p class=\"el_masonry_gallery_item_caption\">Color Filter wheel for 2000 Lumen diving light<\/p><\/div>\n\t\t\t\t\t\t<\/div>\n\t\t\t\t<\/div>\n\t\t\t\t\n\t\t\t\t<\/div>\n\t\t\t<\/div>\n","protected":false},"author":1,"featured_media":0,"parent":114,"menu_order":0,"comment_status":"closed","ping_status":"closed","template":"","meta":{"_et_pb_use_builder":"on","_et_pb_old_content":"","_et_gb_content_width":"","footnotes":""},"class_list":["post-184","page","type-page","status-publish","hentry"],"_links":{"self":[{"href":"https:\/\/divevolkcanarias.com\/index.php?rest_route=\/wp\/v2\/pages\/184","targetHints":{"allow":["GET"]}}],"collection":[{"href":"https:\/\/divevolkcanarias.com\/index.php?rest_route=\/wp\/v2\/pages"}],"about":[{"href":"https:\/\/divevolkcanarias.com\/index.php?rest_route=\/wp\/v2\/types\/page"}],"author":[{"embeddable":true,"href":"https:\/\/divevolkcanarias.com\/index.php?rest_route=\/wp\/v2\/users\/1"}],"replies":[{"embeddable":true,"href":"https:\/\/divevolkcanarias.com\/index.php?rest_route=%2Fwp%2Fv2%2Fcomments&post=184"}],"version-history":[{"count":10,"href":"https:\/\/divevolkcanarias.com\/index.php?rest_route=\/wp\/v2\/pages\/184\/revisions"}],"predecessor-version":[{"id":522,"href":"https:\/\/divevolkcanarias.com\/index.php?rest_route=\/wp\/v2\/pages\/184\/revisions\/522"}],"up":[{"embeddable":true,"href":"https:\/\/divevolkcanarias.com\/index.php?rest_route=\/wp\/v2\/pages\/114"}],"wp:attachment":[{"href":"https:\/\/divevolkcanarias.com\/index.php?rest_route=%2Fwp%2Fv2%2Fmedia&parent=184"}],"curies":[{"name":"wp","href":"https:\/\/api.w.org\/{rel}","templated":true}]}}