{"id":166,"date":"2024-07-18T18:33:47","date_gmt":"2024-07-18T17:33:47","guid":{"rendered":"https:\/\/divevolkcanarias.com\/?page_id=166"},"modified":"2024-07-19T00:09:17","modified_gmt":"2024-07-18T23:09:17","slug":"lentes","status":"publish","type":"page","link":"https:\/\/divevolkcanarias.com\/?page_id=166","title":{"rendered":"Lentes"},"content":{"rendered":"<p>[et_pb_section fb_built=\u00bb1&#8243; _builder_version=\u00bb4.27.0&#8243; _module_preset=\u00bbdefault\u00bb global_colors_info=\u00bb{}\u00bb theme_builder_area=\u00bbpost_content\u00bb][et_pb_row _builder_version=\u00bb4.27.0&#8243; _module_preset=\u00bbdefault\u00bb width=\u00bb100%\u00bb global_colors_info=\u00bb{}\u00bb theme_builder_area=\u00bbpost_content\u00bb][et_pb_column type=\u00bb4_4&#8243; _builder_version=\u00bb4.27.0&#8243; _module_preset=\u00bbdefault\u00bb global_colors_info=\u00bb{}\u00bb theme_builder_area=\u00bbpost_content\u00bb][el_dynamic_masonry_gallery include_categories=\u00bb28&#8243; enable_lightbox=\u00bbon\u00bb number_of_columns_tablet=\u00bb2&#8243; number_of_columns_phone=\u00bb1&#8243; number_of_columns_last_edited=\u00bbon|phone\u00bb _builder_version=\u00bb4.27.0&#8243; _module_preset=\u00bbdefault\u00bb hover_enabled=\u00bb0&#8243; global_colors_info=\u00bb{}\u00bb theme_builder_area=\u00bbpost_content\u00bb number_of_columns=\u00bb2&#8243; sticky_enabled=\u00bb0&#8243;][\/el_dynamic_masonry_gallery][\/et_pb_column][\/et_pb_row][\/et_pb_section]<\/p>\n","protected":false},"excerpt":{"rendered":"<div class=\"et_pb_module el_dynamic_masonry_gallery el_dynamic_masonry_gallery_0\">\n\t\t\t\t\n\t\t\t\t\n\t\t\t\t\n\t\t\t\t\n\t\t\t\t\n\t\t\t\t\n\t\t\t\t<div class=\"et_pb_module_inner\">\n\t\t\t\t\t\n\t\t\t\t<div class=\"el_masonry_gallery_wrapper\"data-enable_lightbox=\"on\" data-lightbox_effect=\"zoom\" data-enable_navigation=\"on\" data-isotope_transition_duration=\"400\" data-lightbox_transition_duration=\"300\">\n\t\t\t\t\t<div class=\"el_masonry_gallery_item_gutter\"><\/div>\n\t\t\t\t\t<div data-mfp-src=\"https:\/\/divevolkcanarias.com\/wp-content\/uploads\/2024\/07\/Underwater-Wide-angle-Conversion-Lens-X0.6-for-DIVEVOLK-Housing-and-Action-Camera.webp\" class=\"el_masonry_gallery_item el_masonry_gallery_item_page_1\">\n\t\t\t\t\t\t\t<div class=\"el_masonry_gallery_image_wrapper\"><img width=\"300\" height=\"300\" src=\"https:\/\/divevolkcanarias.com\/wp-content\/uploads\/2024\/07\/Underwater-Wide-angle-Conversion-Lens-X0.6-for-DIVEVOLK-Housing-and-Action-Camera-300x300.webp\" class=\"attachment-medium size-medium no-lazyload skip-lazy lentes\" alt=\"Underwater Wide-angle Conversion Lens X0.6 for DIVEVOLK Housing and Action Camera\" data-categories=\"28\" decoding=\"async\" loading=\"lazy\" \/> <span class=\"et_overlay et_pb_inline_icon\" data-icon=\"T\"><\/span><\/div>\n\t\t\t\t\t\t\t<div class=\"el_masonry_gallery_title_caption_wrapper\"><h4 class=\"el_masonry_gallery_item_title\">Lente conversi\u00f3n Gran-Angular x0.6<\/h4> <p class=\"el_masonry_gallery_item_caption\">Amplia el campo de visi\u00f3n y corrige la distorsi\u00f3n.<\/p><\/div>\n\t\t\t\t\t\t<\/div><div data-mfp-src=\"https:\/\/divevolkcanarias.com\/wp-content\/uploads\/2024\/07\/Underwater-15-Close-up-Lens-Optical-Wet-Lens-for-DIVEVOLK-housing-and-Camera.webp\" class=\"el_masonry_gallery_item el_masonry_gallery_item_page_1\">\n\t\t\t\t\t\t\t<div class=\"el_masonry_gallery_image_wrapper\"><img width=\"300\" height=\"300\" src=\"https:\/\/divevolkcanarias.com\/wp-content\/uploads\/2024\/07\/Underwater-15-Close-up-Lens-Optical-Wet-Lens-for-DIVEVOLK-housing-and-Camera-300x300.webp\" class=\"attachment-medium size-medium no-lazyload skip-lazy lentes\" alt=\"Underwater +15 Close-up Lens, Optical Wet Lens for DIVEVOLK housing and Camera\" data-categories=\"28\" decoding=\"async\" loading=\"lazy\" \/> <span class=\"et_overlay et_pb_inline_icon\" data-icon=\"T\"><\/span><\/div>\n\t\t\t\t\t\t\t<div class=\"el_masonry_gallery_title_caption_wrapper\"><h4 class=\"el_masonry_gallery_item_title\">Lente h\u00fameda Macro +15<\/h4> <p class=\"el_masonry_gallery_item_caption\">Captura los detalles dif\u00edciles de apreciar a simple vista.<\/p><\/div>\n\t\t\t\t\t\t<\/div><div data-mfp-src=\"https:\/\/divevolkcanarias.com\/wp-content\/uploads\/2024\/07\/Underwater-15-Close-up-Lens-Optical-Wet-Lens-for-Seatouch-4-max-housing-and-Camera.webp\" class=\"el_masonry_gallery_item el_masonry_gallery_item_page_1\">\n\t\t\t\t\t\t\t<div class=\"el_masonry_gallery_image_wrapper\"><img width=\"300\" height=\"300\" src=\"https:\/\/divevolkcanarias.com\/wp-content\/uploads\/2024\/07\/Underwater-15-Close-up-Lens-Optical-Wet-Lens-for-Seatouch-4-max-housing-and-Camera-300x300.webp\" class=\"attachment-medium size-medium no-lazyload skip-lazy lentes\" alt=\"Underwater +15 Close-up Lens, Optical Wet Lens for Seatouch 4 max housing and Camera\" data-categories=\"28\" decoding=\"async\" loading=\"lazy\" \/> <span class=\"et_overlay et_pb_inline_icon\" data-icon=\"T\"><\/span><\/div>\n\t\t\t\t\t\t\t<div class=\"el_masonry_gallery_title_caption_wrapper\"><h4 class=\"el_masonry_gallery_item_title\">Lente h\u00fameda Macro +15<\/h4> <p class=\"el_masonry_gallery_item_caption\">Captura los detalles dif\u00edciles de apreciar a simple vista.<\/p><\/div>\n\t\t\t\t\t\t<\/div><div data-mfp-src=\"https:\/\/divevolkcanarias.com\/wp-content\/uploads\/2024\/07\/DIVEVOLK-Dome-Lens-for-SeaTouch-4-Max-Underwater-housing.webp\" class=\"el_masonry_gallery_item el_masonry_gallery_item_page_1\">\n\t\t\t\t\t\t\t<div class=\"el_masonry_gallery_image_wrapper\"><img width=\"300\" height=\"300\" src=\"https:\/\/divevolkcanarias.com\/wp-content\/uploads\/2024\/07\/DIVEVOLK-Dome-Lens-for-SeaTouch-4-Max-Underwater-housing-300x300.webp\" class=\"attachment-medium size-medium no-lazyload skip-lazy lentes\" alt=\"DIVEVOLK Dome Lens for SeaTouch 4 Max Underwater housing\" data-categories=\"28\" decoding=\"async\" loading=\"lazy\" \/> <span class=\"et_overlay et_pb_inline_icon\" data-icon=\"T\"><\/span><\/div>\n\t\t\t\t\t\t\t<div class=\"el_masonry_gallery_title_caption_wrapper\"><h4 class=\"el_masonry_gallery_item_title\">Lente c\u00fapula<\/h4> <p class=\"el_masonry_gallery_item_caption\">M\u00e1s calidad y campo de visi\u00f3n. Menos distorsi\u00f3n de imagen.<\/p><\/div>\n\t\t\t\t\t\t<\/div>\n\t\t\t\t<\/div>\n\t\t\t\t\n\t\t\t\t<\/div>\n\t\t\t<\/div>\n","protected":false},"author":1,"featured_media":0,"parent":114,"menu_order":0,"comment_status":"closed","ping_status":"closed","template":"","meta":{"_et_pb_use_builder":"on","_et_pb_old_content":"","_et_gb_content_width":"","footnotes":""},"class_list":["post-166","page","type-page","status-publish","hentry"],"_links":{"self":[{"href":"https:\/\/divevolkcanarias.com\/index.php?rest_route=\/wp\/v2\/pages\/166","targetHints":{"allow":["GET"]}}],"collection":[{"href":"https:\/\/divevolkcanarias.com\/index.php?rest_route=\/wp\/v2\/pages"}],"about":[{"href":"https:\/\/divevolkcanarias.com\/index.php?rest_route=\/wp\/v2\/types\/page"}],"author":[{"embeddable":true,"href":"https:\/\/divevolkcanarias.com\/index.php?rest_route=\/wp\/v2\/users\/1"}],"replies":[{"embeddable":true,"href":"https:\/\/divevolkcanarias.com\/index.php?rest_route=%2Fwp%2Fv2%2Fcomments&post=166"}],"version-history":[{"count":7,"href":"https:\/\/divevolkcanarias.com\/index.php?rest_route=\/wp\/v2\/pages\/166\/revisions"}],"predecessor-version":[{"id":418,"href":"https:\/\/divevolkcanarias.com\/index.php?rest_route=\/wp\/v2\/pages\/166\/revisions\/418"}],"up":[{"embeddable":true,"href":"https:\/\/divevolkcanarias.com\/index.php?rest_route=\/wp\/v2\/pages\/114"}],"wp:attachment":[{"href":"https:\/\/divevolkcanarias.com\/index.php?rest_route=%2Fwp%2Fv2%2Fmedia&parent=166"}],"curies":[{"name":"wp","href":"https:\/\/api.w.org\/{rel}","templated":true}]}}