{"id":133,"date":"2024-07-18T17:02:51","date_gmt":"2024-07-18T17:02:51","guid":{"rendered":"https:\/\/divevolkcanarias.com\/?page_id=133"},"modified":"2024-07-24T11:27:21","modified_gmt":"2024-07-24T10:27:21","slug":"carcasas","status":"publish","type":"page","link":"https:\/\/divevolkcanarias.com\/?page_id=133","title":{"rendered":"Carcasas"},"content":{"rendered":"<p>[et_pb_section fb_built=\u00bb1&#8243; _builder_version=\u00bb4.27.0&#8243; _module_preset=\u00bbdefault\u00bb global_colors_info=\u00bb{}\u00bb theme_builder_area=\u00bbpost_content\u00bb][et_pb_row _builder_version=\u00bb4.27.0&#8243; _module_preset=\u00bbdefault\u00bb global_colors_info=\u00bb{}\u00bb theme_builder_area=\u00bbpost_content\u00bb][et_pb_column type=\u00bb4_4&#8243; _builder_version=\u00bb4.27.0&#8243; _module_preset=\u00bbdefault\u00bb global_colors_info=\u00bb{}\u00bb theme_builder_area=\u00bbpost_content\u00bb][el_dynamic_masonry_gallery gallery_order_by=\u00bbtitle\u00bb include_categories=\u00bb24&#8243; number_of_columns=\u00bb3&#8243; enable_lightbox=\u00bbon\u00bb _builder_version=\u00bb4.27.0&#8243; _module_preset=\u00bbdefault\u00bb global_colors_info=\u00bb{}\u00bb theme_builder_area=\u00bbpost_content\u00bb][\/el_dynamic_masonry_gallery][et_pb_text _builder_version=\u00bb4.27.0&#8243; _module_preset=\u00bbdefault\u00bb global_colors_info=\u00bb{}\u00bb theme_builder_area=\u00bbpost_content\u00bb]<\/p>\n<p>La carcasa de pantalla t\u00e1ctil subacu\u00e1tica SeaTouch 4 Max es un dise\u00f1o revolucionario para utilizar el smartphone bajo el agua hasta una profundidad de 60 metros. Por su funcionamiento ilimitado a la pantalla t\u00e1ctil del smartphone, puede utilizar simplemente todas las funciones y Apps de su smartphone. es<span>\u00a0<\/span><span>la 1\u00aa carcasa submarina de pantalla t\u00e1ctil completa del mundo para smartphone.<\/span><\/p>\n<p>Es el futuro de la imagen, la comunicaci\u00f3n y el entretenimiento bajo el agua.<\/p>\n<ul class=\"a-unordered-list a-vertical a-spacing-mini\">\n<li><span class=\"a-list-item\">El primer asistente de buceo \u00abtodo en uno\u00bb del mundo. Esta carcasa de buceo para iPhone se utiliza para proteger su iPhone y tomar grandes videos, fotos cuando el surf, el buceo, el snorkel, el esqu\u00ed, u otras actividades. Usted puede utilizar la br\u00fajula, iPhone Built-in br\u00fajula es de f\u00e1cil acceso y funcionan bien bajo el agua. Por otra parte, se puede cargar al instante y compartir en cualquier momento<\/span><\/li>\n<li><span class=\"a-list-item\">Compatible con todas las APP. No hay l\u00edmite de acceso a cualquier aplicaci\u00f3n para el iPhone housing.No hay l\u00edmite de bot\u00f3n para su creatividad.Disfrute m\u00e1s fun.Record su mejor momento.Con fotos interesantes, v\u00eddeo e incluso m\u00fasica<\/span><\/li>\n<li><span class=\"a-list-item\">Extremadamente seguro para la carcasa subacu\u00e1tica del iPhone, sin necesidad de sacar el tel\u00e9fono para evitar que entre la humedad. Sube y comparte al instante.<\/span><\/li>\n<li><span class=\"a-list-item\">Esta carcasa se utiliza para proteger su iphone y tomar grandes fotos cuando el surf, buceo, snorkel, esqu\u00ed, kayak u otras actividades al aire libre. Puede utilizar la c\u00e1mara trasera y delantera, para tomar fotos o v\u00eddeos.<\/span><\/li>\n<\/ul>\n<p>[\/et_pb_text][et_pb_gallery gallery_ids=\u00bb300,302,303,305,306,307,309,308,311,310,301,304&#8243; posts_number=\u00bb24&#8243; show_title_and_caption=\u00bboff\u00bb _builder_version=\u00bb4.27.0&#8243; _module_preset=\u00bbdefault\u00bb global_colors_info=\u00bb{}\u00bb theme_builder_area=\u00bbpost_content\u00bb][\/et_pb_gallery][et_pb_text _builder_version=\u00bb4.27.0&#8243; _module_preset=\u00bbdefault\u00bb global_colors_info=\u00bb{}\u00bb theme_builder_area=\u00bbpost_content\u00bb]<\/p>\n<p>Empezando por la siempre popular versi\u00f3n de iPhone, Divevolk ha innovado una versi\u00f3n de carcasa subacu\u00e1tica para tener una verdadera capacidad t\u00e1ctil en todo el espacio de la pantalla de su tel\u00e9fono. No se trata de botones que funcionan con la conexi\u00f3n Bluetooth ni de pulsaciones restrictivas en los botones de volumen. La capa rellena de gel es el pedazo de capa de sensaci\u00f3n esponjosa entre la pantalla de su tel\u00e9fono y usted. Cualquier protector de pantalla tendr\u00eda que ser retirado antes de insertar en la carcasa en su bandeja especialmente moldeada dise\u00f1ada para modelos espec\u00edficos de iPhone 12 Pro max\/13 Pro\/13 Pro max . Esto es para facilitar que el sensor detecte el contacto de su dedo con mayor eficacia en el tel\u00e9fono, ya que la presi\u00f3n ambiental ya est\u00e1 ejerciendo una fuerza en toda la capa de gel, el tel\u00e9fono necesita detectar su \u00abdedo\u00bb para registrarlo como un contacto.<\/p>\n<p>En cuanto a las funciones, esta es la \u00fanica carcasa en la que se puede utilizar toda la pantalla t\u00e1ctil bajo el agua. No hay botones. A prueba de agua hasta 60 metros\/196 pies, puedes utilizar todas tus aplicaciones, la c\u00e1mara para las fotos y cambiar cualquier ajuste como lo har\u00edas en tierra. Si hay una emergencia, puedes seguir utilizando las funciones de texto y tel\u00e9fono en la superficie. Si su tel\u00e9fono inteligente tiene una opci\u00f3n de carga inal\u00e1mbrica, esa funci\u00f3n se mantendr\u00e1 mientras est\u00e9 en la carcasa, por lo que no es necesario sacarlo de ella para cargarlo.<\/p>\n<p>Tambi\u00e9n hay algunas aplicaciones y funciones disponibles. Por ejemplo, puede transmitir audio bajo el agua. Imagina que eres un instructor y necesitas pedir a tus alumnos que te miren. Crea una grabaci\u00f3n previa y reprod\u00facela para que la escuchen bajo el agua. E imagina poder escuchar m\u00fasica bajo el agua.<\/p>\n<p>Si a\u00fan no te has iniciado en la fotograf\u00eda submarina, \u00bfcu\u00e1ntas veces has deseado poder llevar tu smartphone de confianza bajo el agua? Un aparato con el que est\u00e9s familiarizado, con el que puedas manejar la aplicaci\u00f3n de la c\u00e1mara con facilidad y con el que no tengas que descifrar la jerga t\u00e9cnica&#8230; \u00bfTe sientes intimidado por el complejo equipo de la c\u00e1mara y su complicada configuraci\u00f3n? La SeaTouch 4 Max de Divevolk elimina la complejidad de una configuraci\u00f3n que requiere mucho tiempo, liber\u00e1ndole del estr\u00e9s y la molestia de perder los accesorios esenciales que conlleva una configuraci\u00f3n de c\u00e1mara enorme. S\u00f3lo tiene una puerta que tiene un doble O&#8217;ring y se asegura con tuercas y tornillos. Olv\u00eddese de todo el engranaje voluminoso que los fot\u00f3grafos tienen que cargar con estroboscopios, luces y accesorios.<\/p>\n<p>Si eres un fot\u00f3grafo subacu\u00e1tico profesional, puedes pedir el objetivo gran angular y el filtro rojo, el resultado es mejor que disparar ordinariamente sin \u00e9l. La aplicaci\u00f3n tiene 4 funciones de disparo, Time-lapse, slo-mo, foto y modo de v\u00eddeo. Si quieres que tu v\u00eddeo tenga un balance de blancos ajustado, tienes que utilizar primero el modo Foto para preseleccionar el balance de blancos y despu\u00e9s seleccionar V\u00eddeo para continuar con el balance de blancos preestablecido.<\/p>\n<p>Si has estado haciendo fotos bajo el agua con tu enorme equipo, d\u00e9jame darte una raz\u00f3n para tener esto en tu equipo de al lado, especialmente si vas a hacer un viaje de negocios con un desv\u00edo a un sitio de buceo vecino y no puedes llevar ese behemoth contigo. Este artilugio no necesita bandeja ni brazos porque la empu\u00f1adura de sujeci\u00f3n central tiene ranuras para atornillar dos miniluces plegables, adem\u00e1s de un snoot para tu macrofotograf\u00eda. Tener una carcasa preparada significa que nunca tendr\u00e1s que perder esa oportunidad, \u00a1independientemente de d\u00f3nde te env\u00ede tu jefe!<\/p>\n<p>&nbsp;<\/p>\n<p>[\/et_pb_text][\/et_pb_column][\/et_pb_row][et_pb_row column_structure=\u00bb1_3,1_3,1_3&#8243; _builder_version=\u00bb4.27.0&#8243; _module_preset=\u00bbdefault\u00bb global_colors_info=\u00bb{}\u00bb theme_builder_area=\u00bbpost_content\u00bb][et_pb_column type=\u00bb1_3&#8243; _builder_version=\u00bb4.27.0&#8243; _module_preset=\u00bbdefault\u00bb global_colors_info=\u00bb{}\u00bb theme_builder_area=\u00bbpost_content\u00bb][et_pb_image src=\u00bbhttps:\/\/divevolkcanarias.com\/wp-content\/uploads\/2024\/07\/SeaTouch-4-Max-Underwater-Smarphone-Housing-Black-2.jpg\u00bb title_text=\u00bbSeaTouch 4 Max-Underwater Smarphone Housing-Black-2&#8243; _builder_version=\u00bb4.27.0&#8243; _module_preset=\u00bbdefault\u00bb global_colors_info=\u00bb{}\u00bb theme_builder_area=\u00bbpost_content\u00bb][\/et_pb_image][\/et_pb_column][et_pb_column type=\u00bb1_3&#8243; _builder_version=\u00bb4.27.0&#8243; _module_preset=\u00bbdefault\u00bb global_colors_info=\u00bb{}\u00bb theme_builder_area=\u00bbpost_content\u00bb][et_pb_image src=\u00bbhttps:\/\/divevolkcanarias.com\/wp-content\/uploads\/2024\/07\/SeaTouch-4-Max-Underwater-Smarphone-Housing-Deep-Blue-2.jpg\u00bb title_text=\u00bbSeaTouch 4 Max-Underwater Smarphone Housing-Deep Blue-2&#8243; _builder_version=\u00bb4.27.0&#8243; _module_preset=\u00bbdefault\u00bb global_colors_info=\u00bb{}\u00bb theme_builder_area=\u00bbpost_content\u00bb][\/et_pb_image][\/et_pb_column][et_pb_column type=\u00bb1_3&#8243; _builder_version=\u00bb4.27.0&#8243; _module_preset=\u00bbdefault\u00bb global_colors_info=\u00bb{}\u00bb theme_builder_area=\u00bbpost_content\u00bb][et_pb_image src=\u00bbhttps:\/\/divevolkcanarias.com\/wp-content\/uploads\/2024\/07\/SeaTouch-4-Max-Underwater-Smarphone-Housing-White-2.jpg\u00bb title_text=\u00bbSeaTouch 4 Max-Underwater Smarphone Housing-White-2&#8243; _builder_version=\u00bb4.27.0&#8243; _module_preset=\u00bbdefault\u00bb global_colors_info=\u00bb{}\u00bb theme_builder_area=\u00bbpost_content\u00bb][\/et_pb_image][\/et_pb_column][\/et_pb_row][\/et_pb_section]<\/p>\n","protected":false},"excerpt":{"rendered":"<p><div class=\"et_pb_module el_dynamic_masonry_gallery el_dynamic_masonry_gallery_0\">\n\t\t\t\t\n\t\t\t\t\n\t\t\t\t\n\t\t\t\t\n\t\t\t\t\n\t\t\t\t\n\t\t\t\t<div class=\"et_pb_module_inner\">\n\t\t\t\t\t\n\t\t\t\t<div class=\"el_masonry_gallery_wrapper\"data-enable_lightbox=\"on\" data-lightbox_effect=\"zoom\" data-enable_navigation=\"on\" data-isotope_transition_duration=\"400\" data-lightbox_transition_duration=\"300\">\n\t\t\t\t\t<div class=\"el_masonry_gallery_item_gutter\"><\/div>\n\t\t\t\t\t<div data-mfp-src=\"https:\/\/divevolkcanarias.com\/wp-content\/uploads\/2024\/07\/SeaTouch-4-Max-Underwater-Smarphone-Housing-Black.jpg\" class=\"el_masonry_gallery_item el_masonry_gallery_item_page_1\">\n\t\t\t\t\t\t\t<div class=\"el_masonry_gallery_image_wrapper\"><img width=\"300\" height=\"300\" src=\"https:\/\/divevolkcanarias.com\/wp-content\/uploads\/2024\/07\/SeaTouch-4-Max-Underwater-Smarphone-Housing-Black-300x300.jpg\" class=\"attachment-medium size-medium no-lazyload skip-lazy carcasas\" alt=\"SeaTouch 4 Max-Underwater Smarphone Housing-Black\" data-categories=\"24\" decoding=\"async\" loading=\"lazy\" \/> <span class=\"et_overlay et_pb_inline_icon\" data-icon=\"T\"><\/span><\/div>\n\t\t\t\t\t\t\t<div class=\"el_masonry_gallery_title_caption_wrapper\"><h4 class=\"el_masonry_gallery_item_title\">Divevolk SeaTouch 4 Max: Negra<\/h4> <p class=\"el_masonry_gallery_item_caption\">SeaTouch 4 Max-Underwater Smarphone Housing-Black<\/p><\/div>\n\t\t\t\t\t\t<\/div><div data-mfp-src=\"https:\/\/divevolkcanarias.com\/wp-content\/uploads\/2024\/07\/SeaTouch-4-Max-Underwater-Smarphone-Housing-Black-TRASERA.jpg\" class=\"el_masonry_gallery_item el_masonry_gallery_item_page_1\">\n\t\t\t\t\t\t\t<div class=\"el_masonry_gallery_image_wrapper\"><img width=\"300\" height=\"300\" src=\"https:\/\/divevolkcanarias.com\/wp-content\/uploads\/2024\/07\/SeaTouch-4-Max-Underwater-Smarphone-Housing-Black-TRASERA-300x300.jpg\" class=\"attachment-medium size-medium no-lazyload skip-lazy carcasas\" alt=\"SeaTouch 4 Max-Underwater Smarphone Housing-Black TRASERA\" data-categories=\"24\" decoding=\"async\" loading=\"lazy\" \/> <span class=\"et_overlay et_pb_inline_icon\" data-icon=\"T\"><\/span><\/div>\n\t\t\t\t\t\t\t<div class=\"el_masonry_gallery_title_caption_wrapper\"><h4 class=\"el_masonry_gallery_item_title\">Divevolk SeaTouch 4 Max: Negra<\/h4> <p class=\"el_masonry_gallery_item_caption\">SeaTouch 4 Max-Underwater Smarphone Housing-Black TRASERA<\/p><\/div>\n\t\t\t\t\t\t<\/div><div data-mfp-src=\"https:\/\/divevolkcanarias.com\/wp-content\/uploads\/2024\/07\/SeaTouch-4-Max-Underwater-Smarphone-Housing-Black-2.jpg\" class=\"el_masonry_gallery_item el_masonry_gallery_item_page_1\">\n\t\t\t\t\t\t\t<div class=\"el_masonry_gallery_image_wrapper\"><img width=\"300\" height=\"300\" src=\"https:\/\/divevolkcanarias.com\/wp-content\/uploads\/2024\/07\/SeaTouch-4-Max-Underwater-Smarphone-Housing-Black-2-300x300.jpg\" class=\"attachment-medium size-medium no-lazyload skip-lazy carcasas\" alt=\"SeaTouch 4 Max-Underwater Smarphone Housing-Black-2\" data-categories=\"24\" decoding=\"async\" loading=\"lazy\" \/> <span class=\"et_overlay et_pb_inline_icon\" data-icon=\"T\"><\/span><\/div>\n\t\t\t\t\t\t\t<div class=\"el_masonry_gallery_title_caption_wrapper\"><h4 class=\"el_masonry_gallery_item_title\">Divevolk SeaTouch 4 Max: Negra<\/h4> <p class=\"el_masonry_gallery_item_caption\">SeaTouch 4 Max-Underwater Smarphone Housing-Black-2<\/p><\/div>\n\t\t\t\t\t\t<\/div><div data-mfp-src=\"https:\/\/divevolkcanarias.com\/wp-content\/uploads\/2024\/07\/SeaTouch-4-Max-Underwater-Smarphone-Housing-White-TRASERA.jpg\" class=\"el_masonry_gallery_item el_masonry_gallery_item_page_1\">\n\t\t\t\t\t\t\t<div class=\"el_masonry_gallery_image_wrapper\"><img width=\"300\" height=\"300\" src=\"https:\/\/divevolkcanarias.com\/wp-content\/uploads\/2024\/07\/SeaTouch-4-Max-Underwater-Smarphone-Housing-White-TRASERA-300x300.jpg\" class=\"attachment-medium size-medium no-lazyload skip-lazy carcasas\" alt=\"SeaTouch 4 Max-Underwater Smarphone Housing-White TRASERA\" data-categories=\"24\" decoding=\"async\" loading=\"lazy\" \/> <span class=\"et_overlay et_pb_inline_icon\" data-icon=\"T\"><\/span><\/div>\n\t\t\t\t\t\t\t<div class=\"el_masonry_gallery_title_caption_wrapper\"><h4 class=\"el_masonry_gallery_item_title\">Divevolk SeaTouch 4 Max: Blanca<\/h4> <p class=\"el_masonry_gallery_item_caption\">SeaTouch 4 Max-Underwater Smarphone Housing-White TRASERA<\/p><\/div>\n\t\t\t\t\t\t<\/div><div data-mfp-src=\"https:\/\/divevolkcanarias.com\/wp-content\/uploads\/2024\/07\/SeaTouch-4-Max-Underwater-Smarphone-Housing-White.jpg\" class=\"el_masonry_gallery_item el_masonry_gallery_item_page_1\">\n\t\t\t\t\t\t\t<div class=\"el_masonry_gallery_image_wrapper\"><img width=\"300\" height=\"300\" src=\"https:\/\/divevolkcanarias.com\/wp-content\/uploads\/2024\/07\/SeaTouch-4-Max-Underwater-Smarphone-Housing-White-300x300.jpg\" class=\"attachment-medium size-medium no-lazyload skip-lazy carcasas\" alt=\"SeaTouch 4 Max-Underwater Smarphone Housing-White\" data-categories=\"24\" decoding=\"async\" loading=\"lazy\" \/> <span class=\"et_overlay et_pb_inline_icon\" data-icon=\"T\"><\/span><\/div>\n\t\t\t\t\t\t\t<div class=\"el_masonry_gallery_title_caption_wrapper\"><h4 class=\"el_masonry_gallery_item_title\">Divevolk SeaTouch 4 Max: Blanca<\/h4> <p class=\"el_masonry_gallery_item_caption\">SeaTouch 4 Max-Underwater Smarphone Housing-White<\/p><\/div>\n\t\t\t\t\t\t<\/div><div data-mfp-src=\"https:\/\/divevolkcanarias.com\/wp-content\/uploads\/2024\/07\/SeaTouch-4-Max-Underwater-Smarphone-Housing-White-2.jpg\" class=\"el_masonry_gallery_item el_masonry_gallery_item_page_1\">\n\t\t\t\t\t\t\t<div class=\"el_masonry_gallery_image_wrapper\"><img width=\"300\" height=\"300\" src=\"https:\/\/divevolkcanarias.com\/wp-content\/uploads\/2024\/07\/SeaTouch-4-Max-Underwater-Smarphone-Housing-White-2-300x300.jpg\" class=\"attachment-medium size-medium no-lazyload skip-lazy carcasas\" alt=\"SeaTouch 4 Max-Underwater Smarphone Housing-White-2\" data-categories=\"24\" decoding=\"async\" loading=\"lazy\" \/> <span class=\"et_overlay et_pb_inline_icon\" data-icon=\"T\"><\/span><\/div>\n\t\t\t\t\t\t\t<div class=\"el_masonry_gallery_title_caption_wrapper\"><h4 class=\"el_masonry_gallery_item_title\">Divevolk SeaTouch 4 Max: Blanca<\/h4> <p class=\"el_masonry_gallery_item_caption\">SeaTouch 4 Max-Underwater Smarphone Housing-White-2<\/p><\/div>\n\t\t\t\t\t\t<\/div><div data-mfp-src=\"https:\/\/divevolkcanarias.com\/wp-content\/uploads\/2024\/07\/SeaTouch-4-Max-Underwater-Smarphone-Housing-Deep-Blue.jpg\" class=\"el_masonry_gallery_item el_masonry_gallery_item_page_1\">\n\t\t\t\t\t\t\t<div class=\"el_masonry_gallery_image_wrapper\"><img width=\"300\" height=\"300\" src=\"https:\/\/divevolkcanarias.com\/wp-content\/uploads\/2024\/07\/SeaTouch-4-Max-Underwater-Smarphone-Housing-Deep-Blue-300x300.jpg\" class=\"attachment-medium size-medium no-lazyload skip-lazy carcasas\" alt=\"SeaTouch 4 Max-Underwater Smarphone Housing-Deep Blue\" data-categories=\"24\" decoding=\"async\" loading=\"lazy\" \/> <span class=\"et_overlay et_pb_inline_icon\" data-icon=\"T\"><\/span><\/div>\n\t\t\t\t\t\t\t<div class=\"el_masonry_gallery_title_caption_wrapper\"><h4 class=\"el_masonry_gallery_item_title\">Divevolk SeaTouch 4 Max: Azul<\/h4> <p class=\"el_masonry_gallery_item_caption\">SeaTouch 4 Max-Underwater Smarphone Housing-Deep Blue<\/p><\/div>\n\t\t\t\t\t\t<\/div><div data-mfp-src=\"https:\/\/divevolkcanarias.com\/wp-content\/uploads\/2024\/07\/SeaTouch-4-Max-Underwater-Smarphone-Housing-Deep-Blue-2.jpg\" class=\"el_masonry_gallery_item el_masonry_gallery_item_page_1\">\n\t\t\t\t\t\t\t<div class=\"el_masonry_gallery_image_wrapper\"><img width=\"300\" height=\"300\" src=\"https:\/\/divevolkcanarias.com\/wp-content\/uploads\/2024\/07\/SeaTouch-4-Max-Underwater-Smarphone-Housing-Deep-Blue-2-300x300.jpg\" class=\"attachment-medium size-medium no-lazyload skip-lazy carcasas\" alt=\"SeaTouch 4 Max-Underwater Smarphone Housing-Deep Blue-2\" data-categories=\"24\" decoding=\"async\" loading=\"lazy\" \/> <span class=\"et_overlay et_pb_inline_icon\" data-icon=\"T\"><\/span><\/div>\n\t\t\t\t\t\t\t<div class=\"el_masonry_gallery_title_caption_wrapper\"><h4 class=\"el_masonry_gallery_item_title\">Divevolk SeaTouch 4 Max: Azul<\/h4> <p class=\"el_masonry_gallery_item_caption\">SeaTouch 4 Max-Underwater Smarphone Housing-Deep Blue-2<\/p><\/div>\n\t\t\t\t\t\t<\/div><div data-mfp-src=\"https:\/\/divevolkcanarias.com\/wp-content\/uploads\/2024\/07\/DIVEVOLK-SeaTouch-4-MAX.webp\" class=\"el_masonry_gallery_item el_masonry_gallery_item_page_1\">\n\t\t\t\t\t\t\t<div class=\"el_masonry_gallery_image_wrapper\"><img width=\"300\" height=\"300\" src=\"https:\/\/divevolkcanarias.com\/wp-content\/uploads\/2024\/07\/DIVEVOLK-SeaTouch-4-MAX-300x300.webp\" class=\"attachment-medium size-medium no-lazyload skip-lazy carcasas\" alt=\"DIVEVOLK SeaTouch 4 MAX\" data-categories=\"24\" decoding=\"async\" loading=\"lazy\" \/> <span class=\"et_overlay et_pb_inline_icon\" data-icon=\"T\"><\/span><\/div>\n\t\t\t\t\t\t\t<div class=\"el_masonry_gallery_title_caption_wrapper\"><h4 class=\"el_masonry_gallery_item_title\">DIVEVOLK SeaTouch 4 MAX<\/h4> <p class=\"el_masonry_gallery_item_caption\">DIVEVOLK SeaTouch 4 MAX<\/p><\/div>\n\t\t\t\t\t\t<\/div>\n\t\t\t\t<\/div>\n\t\t\t\t\n\t\t\t\t<\/div>\n\t\t\t<\/div>La carcasa de pantalla t\u00e1ctil subacu\u00e1tica SeaTouch 4 Max es un dise\u00f1o revolucionario para utilizar el smartphone bajo el agua hasta una profundidad de 60 metros. Por su funcionamiento ilimitado a la pantalla t\u00e1ctil del smartphone, puede utilizar simplemente todas las funciones y Apps de su smartphone. [&hellip;]<\/p>\n","protected":false},"author":1,"featured_media":0,"parent":0,"menu_order":0,"comment_status":"closed","ping_status":"closed","template":"","meta":{"_et_pb_use_builder":"on","_et_pb_old_content":"","_et_gb_content_width":"","footnotes":""},"class_list":["post-133","page","type-page","status-publish","hentry"],"_links":{"self":[{"href":"https:\/\/divevolkcanarias.com\/index.php?rest_route=\/wp\/v2\/pages\/133","targetHints":{"allow":["GET"]}}],"collection":[{"href":"https:\/\/divevolkcanarias.com\/index.php?rest_route=\/wp\/v2\/pages"}],"about":[{"href":"https:\/\/divevolkcanarias.com\/index.php?rest_route=\/wp\/v2\/types\/page"}],"author":[{"embeddable":true,"href":"https:\/\/divevolkcanarias.com\/index.php?rest_route=\/wp\/v2\/users\/1"}],"replies":[{"embeddable":true,"href":"https:\/\/divevolkcanarias.com\/index.php?rest_route=%2Fwp%2Fv2%2Fcomments&post=133"}],"version-history":[{"count":10,"href":"https:\/\/divevolkcanarias.com\/index.php?rest_route=\/wp\/v2\/pages\/133\/revisions"}],"predecessor-version":[{"id":480,"href":"https:\/\/divevolkcanarias.com\/index.php?rest_route=\/wp\/v2\/pages\/133\/revisions\/480"}],"wp:attachment":[{"href":"https:\/\/divevolkcanarias.com\/index.php?rest_route=%2Fwp%2Fv2%2Fmedia&parent=133"}],"curies":[{"name":"wp","href":"https:\/\/api.w.org\/{rel}","templated":true}]}}