{"id":118,"date":"2024-07-18T16:59:33","date_gmt":"2024-07-18T16:59:33","guid":{"rendered":"https:\/\/divevolkcanarias.com\/?page_id=118"},"modified":"2024-07-24T11:41:05","modified_gmt":"2024-07-24T10:41:05","slug":"kits","status":"publish","type":"page","link":"https:\/\/divevolkcanarias.com\/?page_id=118","title":{"rendered":"Kits"},"content":{"rendered":"<p>[et_pb_section fb_built=\u00bb1&#8243; _builder_version=\u00bb4.27.0&#8243; _module_preset=\u00bbdefault\u00bb global_colors_info=\u00bb{}\u00bb theme_builder_area=\u00bbpost_content\u00bb][et_pb_row use_custom_gutter=\u00bbon\u00bb gutter_width=\u00bb1&#8243; _builder_version=\u00bb4.27.0&#8243; _module_preset=\u00bbdefault\u00bb width=\u00bb100%\u00bb global_colors_info=\u00bb{}\u00bb theme_builder_area=\u00bbpost_content\u00bb][et_pb_column type=\u00bb4_4&#8243; _builder_version=\u00bb4.27.0&#8243; _module_preset=\u00bbdefault\u00bb global_colors_info=\u00bb{}\u00bb theme_builder_area=\u00bbpost_content\u00bb][el_dynamic_masonry_gallery gallery_order_by=\u00bbtitle\u00bb gallery_order=\u00bbASC\u00bb include_categories=\u00bb22&#8243; column_spacing=\u00bb10px\u00bb show_caption=\u00bbon\u00bb caption_area=\u00bbboth\u00bb enable_lightbox=\u00bbon\u00bb lightbox_title_and_caption_style=\u00bbbelow_image\u00bb number_of_columns_tablet=\u00bb2&#8243; number_of_columns_phone=\u00bb1&#8243; number_of_columns_last_edited=\u00bbon|desktop\u00bb _builder_version=\u00bb4.27.0&#8243; _module_preset=\u00bbdefault\u00bb title_text_align=\u00bbleft\u00bb title_line_height=\u00bb1.1em\u00bb caption_font=\u00bb||on||||||\u00bb caption_line_height=\u00bb1.2em\u00bb hover_enabled=\u00bb0&#8243; global_colors_info=\u00bb{}\u00bb theme_builder_area=\u00bbpost_content\u00bb meta_background_color=\u00bb#000000&#8243; sticky_enabled=\u00bb0&#8243; title_text_color=\u00bb#82BFCD\u00bb][\/el_dynamic_masonry_gallery][\/et_pb_column][\/et_pb_row][\/et_pb_section]<\/p>\n","protected":false},"excerpt":{"rendered":"<div class=\"et_pb_module el_dynamic_masonry_gallery el_dynamic_masonry_gallery_0\">\n\t\t\t\t\n\t\t\t\t\n\t\t\t\t\n\t\t\t\t\n\t\t\t\t\n\t\t\t\t\n\t\t\t\t<div class=\"et_pb_module_inner\">\n\t\t\t\t\t\n\t\t\t\t<div class=\"el_masonry_gallery_wrapper\"data-enable_lightbox=\"on\" data-lightbox_effect=\"zoom\" data-enable_navigation=\"on\" data-isotope_transition_duration=\"400\" data-lightbox_transition_duration=\"300\">\n\t\t\t\t\t<div class=\"el_masonry_gallery_item_gutter\"><\/div>\n\t\t\t\t\t<div data-mfp-src=\"https:\/\/divevolkcanarias.com\/wp-content\/uploads\/2024\/07\/DIVEVOLK-SeaTouch-4-MAX-Deep-Dive-Kit.webp\" class=\"el_masonry_gallery_item el_masonry_gallery_item_page_1\">\n\t\t\t\t\t\t\t<div class=\"el_masonry_gallery_image_wrapper\"><img width=\"300\" height=\"300\" src=\"https:\/\/divevolkcanarias.com\/wp-content\/uploads\/2024\/07\/DIVEVOLK-SeaTouch-4-MAX-Deep-Dive-Kit-300x300.webp\" class=\"attachment-medium size-medium no-lazyload skip-lazy kits\" alt=\"DIVEVOLK SeaTouch 4 MAX Deep Dive Kit\" data-categories=\"22\" decoding=\"async\" loading=\"lazy\" \/> <span class=\"et_overlay et_pb_inline_icon\" data-icon=\"T\"><\/span><\/div>\n\t\t\t\t\t\t\t<div class=\"el_masonry_gallery_title_caption_wrapper\"><h4 class=\"el_masonry_gallery_item_title\">Kit SeaTouch 4 MAX: Buceo profundo<\/h4> <p class=\"el_masonry_gallery_item_caption\">\n174 \/ 5.000\nAhora podr\u00e1 crear tomas de gran angular con buenas condiciones de iluminaci\u00f3n mediante 2 de las luces de video SL50, que necesitar\u00e1 para inmersiones m\u00e1s profundas, mala visibilidad, naufragios, etc.<\/p><\/div>\n\t\t\t\t\t\t<\/div><div data-mfp-src=\"https:\/\/divevolkcanarias.com\/wp-content\/uploads\/2024\/07\/DIVEVOLK-SeaTouch-4-MAX-Creator-Kit.webp\" class=\"el_masonry_gallery_item el_masonry_gallery_item_page_1\">\n\t\t\t\t\t\t\t<div class=\"el_masonry_gallery_image_wrapper\"><img width=\"300\" height=\"300\" src=\"https:\/\/divevolkcanarias.com\/wp-content\/uploads\/2024\/07\/DIVEVOLK-SeaTouch-4-MAX-Creator-Kit-300x300.webp\" class=\"attachment-medium size-medium no-lazyload skip-lazy kits\" alt=\"DIVEVOLK SeaTouch 4 MAX Creator Kit\" data-categories=\"22\" decoding=\"async\" loading=\"lazy\" \/> <span class=\"et_overlay et_pb_inline_icon\" data-icon=\"T\"><\/span><\/div>\n\t\t\t\t\t\t\t<div class=\"el_masonry_gallery_title_caption_wrapper\"><h4 class=\"el_masonry_gallery_item_title\">Kit SeaTouch 4 MAX: Creadores de contenido<\/h4> <p class=\"el_masonry_gallery_item_caption\">La bandeja de una sola asa con un foco SL20 es perfecto para poder captar primeros planos con unos resultados incre\u00edbles.<\/p><\/div>\n\t\t\t\t\t\t<\/div><div data-mfp-src=\"https:\/\/divevolkcanarias.com\/wp-content\/uploads\/2024\/07\/DIVEVOLK-SeaTouch-4-MAX-Advanced-Creator-Kit.webp\" class=\"el_masonry_gallery_item el_masonry_gallery_item_page_1\">\n\t\t\t\t\t\t\t<div class=\"el_masonry_gallery_image_wrapper\"><img width=\"300\" height=\"300\" src=\"https:\/\/divevolkcanarias.com\/wp-content\/uploads\/2024\/07\/DIVEVOLK-SeaTouch-4-MAX-Advanced-Creator-Kit-300x300.webp\" class=\"attachment-medium size-medium no-lazyload skip-lazy kits\" alt=\"DIVEVOLK SeaTouch 4 MAX Advanced Creator Kit\" data-categories=\"22\" decoding=\"async\" loading=\"lazy\" \/> <span class=\"et_overlay et_pb_inline_icon\" data-icon=\"T\"><\/span><\/div>\n\t\t\t\t\t\t\t<div class=\"el_masonry_gallery_title_caption_wrapper\"><h4 class=\"el_masonry_gallery_item_title\">Kit SeaTouch 4 MAX: Creadores de contenido Avanzados<\/h4> <p class=\"el_masonry_gallery_item_caption\">La fotograf\u00eda es el arte de la luz y la sombra. Prueba a trabajar con luz en diferentes \u00e1ngulos para crear shots \u00fanicos. Nunca sabr\u00e1s hasta d\u00f3nde puede llegar tu creatividad hasta que lo intentes.<\/p><\/div>\n\t\t\t\t\t\t<\/div><div data-mfp-src=\"https:\/\/divevolkcanarias.com\/wp-content\/uploads\/2024\/07\/DIVEVOLK-SeaTouch-4-MAX-WATER-SPORTS-KIT.webp\" class=\"el_masonry_gallery_item el_masonry_gallery_item_page_1\">\n\t\t\t\t\t\t\t<div class=\"el_masonry_gallery_image_wrapper\"><img width=\"300\" height=\"300\" src=\"https:\/\/divevolkcanarias.com\/wp-content\/uploads\/2024\/07\/DIVEVOLK-SeaTouch-4-MAX-WATER-SPORTS-KIT-300x300.webp\" class=\"attachment-medium size-medium no-lazyload skip-lazy kits\" alt=\"DIVEVOLK SeaTouch 4 MAX WATER SPORTS KIT\" data-categories=\"22\" decoding=\"async\" loading=\"lazy\" \/> <span class=\"et_overlay et_pb_inline_icon\" data-icon=\"T\"><\/span><\/div>\n\t\t\t\t\t\t\t<div class=\"el_masonry_gallery_title_caption_wrapper\"><h4 class=\"el_masonry_gallery_item_title\">Kit SeaTouch 4 MAX: Deportes acu\u00e1ticos<\/h4> <p class=\"el_masonry_gallery_item_caption\">Con el water sports kit, puedes hacer split shots como un profesional. Es f\u00e1cil crear la mitad de una imagen o video con una lente de dome, y ya sabes lo incre\u00edble que es la toma dividida.<\/p><\/div>\n\t\t\t\t\t\t<\/div><div data-mfp-src=\"https:\/\/divevolkcanarias.com\/wp-content\/uploads\/2024\/07\/DIVEVOLK-SeaTouch-4-MAX-A-lot-of-fun-kit.webp\" class=\"el_masonry_gallery_item el_masonry_gallery_item_page_1\">\n\t\t\t\t\t\t\t<div class=\"el_masonry_gallery_image_wrapper\"><img width=\"300\" height=\"300\" src=\"https:\/\/divevolkcanarias.com\/wp-content\/uploads\/2024\/07\/DIVEVOLK-SeaTouch-4-MAX-A-lot-of-fun-kit-300x300.webp\" class=\"attachment-medium size-medium no-lazyload skip-lazy kits\" alt=\"DIVEVOLK SeaTouch 4 MAX A-lot-of-fun kit\" data-categories=\"22\" decoding=\"async\" loading=\"lazy\" \/> <span class=\"et_overlay et_pb_inline_icon\" data-icon=\"T\"><\/span><\/div>\n\t\t\t\t\t\t\t<div class=\"el_masonry_gallery_title_caption_wrapper\"><h4 class=\"el_masonry_gallery_item_title\">Kit SeaTouch 4 MAX: Diversi\u00f3n Total<\/h4> <p class=\"el_masonry_gallery_item_caption\">El mundo macro es fascinante una vez que lo descubres. Con el kit de macros, podr\u00e1s hacer v\u00eddeos y fotos con un resultado incre\u00edble de manera cercana y estable.<\/p><\/div>\n\t\t\t\t\t\t<\/div><div data-mfp-src=\"https:\/\/divevolkcanarias.com\/wp-content\/uploads\/2024\/07\/DIVEVOLK-SeaTouch-4-MAX-FILTERS-KIT.jpg.webp\" class=\"el_masonry_gallery_item el_masonry_gallery_item_page_1\">\n\t\t\t\t\t\t\t<div class=\"el_masonry_gallery_image_wrapper\"><img width=\"300\" height=\"300\" src=\"https:\/\/divevolkcanarias.com\/wp-content\/uploads\/2024\/07\/DIVEVOLK-SeaTouch-4-MAX-FILTERS-KIT.jpg-300x300.webp\" class=\"attachment-medium size-medium no-lazyload skip-lazy kits\" alt=\"DIVEVOLK SeaTouch 4 MAX FILTERS KIT\" data-categories=\"22\" decoding=\"async\" loading=\"lazy\" \/> <span class=\"et_overlay et_pb_inline_icon\" data-icon=\"T\"><\/span><\/div>\n\t\t\t\t\t\t\t<div class=\"el_masonry_gallery_title_caption_wrapper\"><h4 class=\"el_masonry_gallery_item_title\">Kit SeaTouch 4 MAX: Filtros<\/h4> <p class=\"el_masonry_gallery_item_caption\">No importa si buceas en el mar o en un lago. A medida que bajas, se pierde m\u00e1s el color. Usar un filtro es la forma m\u00e1s f\u00e1cil de restaurar el color bajo el agua. Este kit de filtros te devolver\u00e1 el color que pierdes bajo el agua.<\/p><\/div>\n\t\t\t\t\t\t<\/div><div data-mfp-src=\"https:\/\/divevolkcanarias.com\/wp-content\/uploads\/2024\/07\/DIVEVOLK-SeaTouch-4-MAX-Almighty-Kit.webp\" class=\"el_masonry_gallery_item el_masonry_gallery_item_page_1\">\n\t\t\t\t\t\t\t<div class=\"el_masonry_gallery_image_wrapper\"><img width=\"300\" height=\"300\" src=\"https:\/\/divevolkcanarias.com\/wp-content\/uploads\/2024\/07\/DIVEVOLK-SeaTouch-4-MAX-Almighty-Kit-300x300.webp\" class=\"attachment-medium size-medium no-lazyload skip-lazy kits\" alt=\"DIVEVOLK SeaTouch 4 MAX Almighty Kit\" data-categories=\"22\" decoding=\"async\" loading=\"lazy\" \/> <span class=\"et_overlay et_pb_inline_icon\" data-icon=\"T\"><\/span><\/div>\n\t\t\t\t\t\t\t<div class=\"el_masonry_gallery_title_caption_wrapper\"><h4 class=\"el_masonry_gallery_item_title\">Kit SeaTouch 4 MAX: Full Equip<\/h4> <p class=\"el_masonry_gallery_item_caption\">Con el professional kit das un paso al siguiente nivel. Gran angular, macro, v\u00eddeos, fotos\u2026 puedes adaptarlo seg\u00fan tus necesidades y buceos. Es el kit para dar rienda suelta a tu creatividad.<\/p><\/div>\n\t\t\t\t\t\t<\/div><div data-mfp-src=\"https:\/\/divevolkcanarias.com\/wp-content\/uploads\/2024\/07\/DIVEVOLK-SeaTouch-4-MAX-Close-shot-kit.webp\" class=\"el_masonry_gallery_item el_masonry_gallery_item_page_1\">\n\t\t\t\t\t\t\t<div class=\"el_masonry_gallery_image_wrapper\"><img width=\"300\" height=\"300\" src=\"https:\/\/divevolkcanarias.com\/wp-content\/uploads\/2024\/07\/DIVEVOLK-SeaTouch-4-MAX-Close-shot-kit-300x300.webp\" class=\"attachment-medium size-medium no-lazyload skip-lazy kits\" alt=\"DIVEVOLK SeaTouch 4 MAX Close shot kit\" data-categories=\"22\" decoding=\"async\" loading=\"lazy\" \/> <span class=\"et_overlay et_pb_inline_icon\" data-icon=\"T\"><\/span><\/div>\n\t\t\t\t\t\t\t<div class=\"el_masonry_gallery_title_caption_wrapper\"><h4 class=\"el_masonry_gallery_item_title\">Kit SeaTouch 4 MAX: Macro<\/h4> <p class=\"el_masonry_gallery_item_caption\">El mundo macro es fascinante una vez que lo descubres. Con el close shots kit, podr\u00e1s hacer v\u00eddeos y fotos con un resultado incre\u00edble de manera cercana y estable.<\/p><\/div>\n\t\t\t\t\t\t<\/div><div data-mfp-src=\"https:\/\/divevolkcanarias.com\/wp-content\/uploads\/2024\/07\/DIVEVOLK-SeaTouch-4-MAX-Macro-Snoot-kit.webp\" class=\"el_masonry_gallery_item el_masonry_gallery_item_page_1\">\n\t\t\t\t\t\t\t<div class=\"el_masonry_gallery_image_wrapper\"><img width=\"300\" height=\"300\" src=\"https:\/\/divevolkcanarias.com\/wp-content\/uploads\/2024\/07\/DIVEVOLK-SeaTouch-4-MAX-Macro-Snoot-kit-300x300.webp\" class=\"attachment-medium size-medium no-lazyload skip-lazy kits\" alt=\"DIVEVOLK SeaTouch 4 MAX Macro Snoot kit\" data-categories=\"22\" decoding=\"async\" loading=\"lazy\" \/> <span class=\"et_overlay et_pb_inline_icon\" data-icon=\"T\"><\/span><\/div>\n\t\t\t\t\t\t\t<div class=\"el_masonry_gallery_title_caption_wrapper\"><h4 class=\"el_masonry_gallery_item_title\">Kit SeaTouch 4 MAX: Macro Snoot<\/h4> <p class=\"el_masonry_gallery_item_caption\">El mundo macro es fascinante una vez que lo descubres. Con el kit macro, podr\u00e1 obtener v\u00eddeos o fotograf\u00edas incre\u00edbles con una apariencia incre\u00edblemente cercana y estable.<\/p><\/div>\n\t\t\t\t\t\t<\/div><div data-mfp-src=\"https:\/\/divevolkcanarias.com\/wp-content\/uploads\/2024\/07\/DIVEVOLK-SeaTouch-4-MAX-Ocean-Kit.png.webp\" class=\"el_masonry_gallery_item el_masonry_gallery_item_page_1\">\n\t\t\t\t\t\t\t<div class=\"el_masonry_gallery_image_wrapper\"><img width=\"300\" height=\"300\" src=\"https:\/\/divevolkcanarias.com\/wp-content\/uploads\/2024\/07\/DIVEVOLK-SeaTouch-4-MAX-Ocean-Kit.png-300x300.webp\" class=\"attachment-medium size-medium no-lazyload skip-lazy kits\" alt=\"DIVEVOLK SeaTouch 4 MAX Ocean Kit\" data-categories=\"22\" decoding=\"async\" loading=\"lazy\" \/> <span class=\"et_overlay et_pb_inline_icon\" data-icon=\"T\"><\/span><\/div>\n\t\t\t\t\t\t\t<div class=\"el_masonry_gallery_title_caption_wrapper\"><h4 class=\"el_masonry_gallery_item_title\">Kit SeaTouch 4 MAX: Oceano<\/h4> <p class=\"el_masonry_gallery_item_caption\">Si quieres algo pr\u00e1ctico pero potente, un equipo que ocupe poco y que puedas llevarte donde sea, este kit de gran angular es tu mejor opci\u00f3n. Adem\u00e1s, se puede extender f\u00e1cilmente a otros accesorios, lo que lo convierte en uno de nuestros best sellers.<\/p><\/div>\n\t\t\t\t\t\t<\/div><div data-mfp-src=\"https:\/\/divevolkcanarias.com\/wp-content\/uploads\/2024\/07\/DIVEVOLK-Portrait-view-Kit.webp\" class=\"el_masonry_gallery_item el_masonry_gallery_item_page_1\">\n\t\t\t\t\t\t\t<div class=\"el_masonry_gallery_image_wrapper\"><img width=\"300\" height=\"300\" src=\"https:\/\/divevolkcanarias.com\/wp-content\/uploads\/2024\/07\/DIVEVOLK-Portrait-view-Kit-300x300.webp\" class=\"attachment-medium size-medium no-lazyload skip-lazy kits\" alt=\"DIVEVOLK Portrait view Kit\" data-categories=\"22\" decoding=\"async\" loading=\"lazy\" \/> <span class=\"et_overlay et_pb_inline_icon\" data-icon=\"T\"><\/span><\/div>\n\t\t\t\t\t\t\t<div class=\"el_masonry_gallery_title_caption_wrapper\"><h4 class=\"el_masonry_gallery_item_title\">Kit SeaTouch 4 MAX: Reels<\/h4> <p class=\"el_masonry_gallery_item_caption\">Al igual que filmar en tierra, filmar bajo el agua requiere concentraci\u00f3n y buenas habilidades. El content creator kit de gran angular le brinda el equilibrio entre compacto y estabilidad bajo el agua.<\/p><\/div>\n\t\t\t\t\t\t<\/div><div data-mfp-src=\"https:\/\/divevolkcanarias.com\/wp-content\/uploads\/2024\/07\/DIVEVOLK-SeaTouch-4-MAX-SELFIE-Kit.webp\" class=\"el_masonry_gallery_item el_masonry_gallery_item_page_1\">\n\t\t\t\t\t\t\t<div class=\"el_masonry_gallery_image_wrapper\"><img width=\"300\" height=\"300\" src=\"https:\/\/divevolkcanarias.com\/wp-content\/uploads\/2024\/07\/DIVEVOLK-SeaTouch-4-MAX-SELFIE-Kit-300x300.webp\" class=\"attachment-medium size-medium no-lazyload skip-lazy kits\" alt=\"DIVEVOLK SeaTouch 4 MAX SELFIE Kit\" data-categories=\"22\" decoding=\"async\" loading=\"lazy\" \/> <span class=\"et_overlay et_pb_inline_icon\" data-icon=\"T\"><\/span><\/div>\n\t\t\t\t\t\t\t<div class=\"el_masonry_gallery_title_caption_wrapper\"><h4 class=\"el_masonry_gallery_item_title\">Kit SeaTouch 4 MAX: Selfie<\/h4> <p class=\"el_masonry_gallery_item_caption\">Siempre es bueno vernos en la foto o el video, especialmente en el mar, junto con todas las maravillosas criaturas que podemos encontrarnos. Si no quieres molestar a otros para que te saquen fotos, hazlo t\u00fa mismo.<\/p><\/div>\n\t\t\t\t\t\t<\/div><div data-mfp-src=\"https:\/\/divevolkcanarias.com\/wp-content\/uploads\/2024\/07\/DIVEVOLK-SeaTouch-4-MAX-Videography-Kit.webp\" class=\"el_masonry_gallery_item el_masonry_gallery_item_page_1\">\n\t\t\t\t\t\t\t<div class=\"el_masonry_gallery_image_wrapper\"><img width=\"300\" height=\"300\" src=\"https:\/\/divevolkcanarias.com\/wp-content\/uploads\/2024\/07\/DIVEVOLK-SeaTouch-4-MAX-Videography-Kit-300x300.webp\" class=\"attachment-medium size-medium no-lazyload skip-lazy kits\" alt=\"DIVEVOLK SeaTouch 4 MAX Videography Kit\" data-categories=\"22\" decoding=\"async\" loading=\"lazy\" \/> <span class=\"et_overlay et_pb_inline_icon\" data-icon=\"T\"><\/span><\/div>\n\t\t\t\t\t\t\t<div class=\"el_masonry_gallery_title_caption_wrapper\"><h4 class=\"el_masonry_gallery_item_title\">Kit SeaTouch 4 MAX: V\u00eddeo<\/h4> <p class=\"el_masonry_gallery_item_caption\">Al igual que filmar en tierra, filmar bajo el agua requiere concentraci\u00f3n y buenas habilidades. El content creator kit de gran angular le brinda el equilibrio entre compacto y estabilidad bajo el agua.<\/p><\/div>\n\t\t\t\t\t\t<\/div>\n\t\t\t\t<\/div>\n\t\t\t\t\n\t\t\t\t<\/div>\n\t\t\t<\/div>\n","protected":false},"author":1,"featured_media":0,"parent":114,"menu_order":0,"comment_status":"closed","ping_status":"closed","template":"","meta":{"_et_pb_use_builder":"on","_et_pb_old_content":"","_et_gb_content_width":"","footnotes":""},"class_list":["post-118","page","type-page","status-publish","hentry"],"_links":{"self":[{"href":"https:\/\/divevolkcanarias.com\/index.php?rest_route=\/wp\/v2\/pages\/118","targetHints":{"allow":["GET"]}}],"collection":[{"href":"https:\/\/divevolkcanarias.com\/index.php?rest_route=\/wp\/v2\/pages"}],"about":[{"href":"https:\/\/divevolkcanarias.com\/index.php?rest_route=\/wp\/v2\/types\/page"}],"author":[{"embeddable":true,"href":"https:\/\/divevolkcanarias.com\/index.php?rest_route=\/wp\/v2\/users\/1"}],"replies":[{"embeddable":true,"href":"https:\/\/divevolkcanarias.com\/index.php?rest_route=%2Fwp%2Fv2%2Fcomments&post=118"}],"version-history":[{"count":18,"href":"https:\/\/divevolkcanarias.com\/index.php?rest_route=\/wp\/v2\/pages\/118\/revisions"}],"predecessor-version":[{"id":494,"href":"https:\/\/divevolkcanarias.com\/index.php?rest_route=\/wp\/v2\/pages\/118\/revisions\/494"}],"up":[{"embeddable":true,"href":"https:\/\/divevolkcanarias.com\/index.php?rest_route=\/wp\/v2\/pages\/114"}],"wp:attachment":[{"href":"https:\/\/divevolkcanarias.com\/index.php?rest_route=%2Fwp%2Fv2%2Fmedia&parent=118"}],"curies":[{"name":"wp","href":"https:\/\/api.w.org\/{rel}","templated":true}]}}