{"id":106,"date":"2024-07-18T16:53:08","date_gmt":"2024-07-18T16:53:08","guid":{"rendered":"https:\/\/divevolkcanarias.com\/?page_id=106"},"modified":"2024-07-22T08:59:39","modified_gmt":"2024-07-22T07:59:39","slug":"descargas","status":"publish","type":"page","link":"https:\/\/divevolkcanarias.com\/?page_id=106","title":{"rendered":"Descargas"},"content":{"rendered":"<p>[et_pb_section fb_built=\u00bb1&#8243; _builder_version=\u00bb4.27.0&#8243; _module_preset=\u00bbdefault\u00bb global_colors_info=\u00bb{}\u00bb theme_builder_area=\u00bbpost_content\u00bb][et_pb_row _builder_version=\u00bb4.27.0&#8243; _module_preset=\u00bbdefault\u00bb global_colors_info=\u00bb{}\u00bb theme_builder_area=\u00bbpost_content\u00bb][et_pb_column type=\u00bb4_4&#8243; _builder_version=\u00bb4.27.0&#8243; _module_preset=\u00bbdefault\u00bb global_colors_info=\u00bb{}\u00bb theme_builder_area=\u00bbpost_content\u00bb][et_pb_accordion _builder_version=\u00bb4.27.0&#8243; _module_preset=\u00bbdefault\u00bb hover_enabled=\u00bb0&#8243; global_colors_info=\u00bb{}\u00bb theme_builder_area=\u00bbpost_content\u00bb sticky_enabled=\u00bb0&#8243;][et_pb_accordion_item title=\u00bbManual de usuario de la SeaTouch 4&#8243; open=\u00bboff\u00bb _builder_version=\u00bb4.27.0&#8243; _module_preset=\u00bbdefault\u00bb hover_enabled=\u00bb0&#8243; global_colors_info=\u00bb{}\u00bb theme_builder_area=\u00bbpost_content\u00bb sticky_enabled=\u00bb0&#8243;]<\/p>\n<p>Los clientes que utilizan algunos de los smartphones Android, como Huawei, pueden encontrarse con el problema de que el tiempo de activaci\u00f3n de la pantalla s\u00f3lo puede establecerse en 10 minutos como m\u00e1ximo. En caso de que la pantalla no pueda encenderse bajo el agua, por favor, configure el tel\u00e9fono siguiendo el siguiente enlace.<\/p>\n<h3>[ <strong><a href=\"https:\/\/divevolkcanarias.com\/wp-content\/uploads\/2024\/07\/SeaTouch-4-Max-Guick-Start-Guide.pdf\" target=\"_blank\" rel=\"noopener\">Descargar<\/a><\/strong> ]<\/h3>\n<p>[\/et_pb_accordion_item][et_pb_accordion_item title=\u00bbNota importante que debe leer antes de usarla\u00bb _builder_version=\u00bb4.27.0&#8243; _module_preset=\u00bbdefault\u00bb hover_enabled=\u00bb0&#8243; global_colors_info=\u00bb{}\u00bb theme_builder_area=\u00bbpost_content\u00bb open=\u00bboff\u00bb sticky_enabled=\u00bb0&#8243;]<\/p>\n<p>Gracias por utilizar la carcasa de pantalla t\u00e1ctil subacu\u00e1tica de la serie SeaTouch. Para evitar que se produzca alg\u00fan error accidental en la carcasa o en su smartphone, aqu\u00ed tiene una nota importante que debe leer antes de utilizarla.<\/p>\n<h3>[ <strong><a href=\"https:\/\/divevolkcanarias.com\/wp-content\/uploads\/2024\/07\/Important-Notes-To-Read-Before-Use.pdf\" target=\"_blank\" rel=\"noopener\">Descargar<\/a><\/strong> ]<\/h3>\n<p>[\/et_pb_accordion_item][et_pb_accordion_item title=\u00bbAPP Keep Screen Awake para algunos tel\u00e9fonos Android\u00bb _builder_version=\u00bb4.27.0&#8243; _module_preset=\u00bbdefault\u00bb hover_enabled=\u00bb0&#8243; global_colors_info=\u00bb{}\u00bb theme_builder_area=\u00bbpost_content\u00bb open=\u00bboff\u00bb sticky_enabled=\u00bb0&#8243;]<\/p>\n<p>Para hacer realidad nuestra visi\u00f3n y hacer realidad los sue\u00f1os, la primera generaci\u00f3n de terminal de control inteligente m\u00f3vil, los miembros del equipo DIVEVOLK pasaron m\u00e1s de 700 d\u00edas y noches, experimentando con m\u00e1s de 100 combinaciones de materiales y procesos t\u00e9cnicos. La serie original SeaTouch de carcasas submarinas para tel\u00e9fonos inteligentes con pantalla t\u00e1ctil completa, los auriculares subacu\u00e1ticos de alta fidelidad SeaHear y las luces intermitentes sincronizadas SeaLight se realizaron como el primer paso en esta visi\u00f3n. Al mismo tiempo, el continuo trabajo de I+D e innovaci\u00f3n ha permitido a DIVEVOLK obtener cerca de 40 patentes en todo el mundo. En el futuro se crear\u00e1 un rico ecosistema submarino inteligente para la comunicaci\u00f3n, la interconexi\u00f3n y la interacci\u00f3n.<\/p>\n<h3>[ <a href=\"https:\/\/www.divevolk.com\/index\/index\/application.html?lang=en-us\" target=\"_blank\" rel=\"noopener\">Acceder a la p\u00e1gina de descargas<\/a> ]<\/h3>\n<p>[\/et_pb_accordion_item][et_pb_accordion_item title=\u00bbDossier Comercial en Espa\u00f1ol\u00bb _builder_version=\u00bb4.27.0&#8243; _module_preset=\u00bbdefault\u00bb hover_enabled=\u00bb0&#8243; global_colors_info=\u00bb{}\u00bb theme_builder_area=\u00bbpost_content\u00bb open=\u00bbon\u00bb sticky_enabled=\u00bb0&#8243;]<\/p>\n<p>Dossier general completo en espa\u00f1ol con todas las caracter\u00edsticas y accesorios de la marca Divevolk.<\/p>\n<h3>[ <strong><a href=\"https:\/\/divevolkcanarias.com\/wp-content\/uploads\/2024\/07\/Dossier-DiveVolk-ES.pdf\" target=\"_blank\" rel=\"noopener\">DESCARGAR<\/a><\/strong> ]<\/h3>\n<p>[\/et_pb_accordion_item][\/et_pb_accordion][\/et_pb_column][\/et_pb_row][\/et_pb_section]<\/p>\n","protected":false},"excerpt":{"rendered":"<p>Los clientes que utilizan algunos de los smartphones Android, como Huawei, pueden encontrarse con el problema de que el tiempo de activaci\u00f3n de la pantalla s\u00f3lo puede establecerse en 10 minutos como m\u00e1ximo. En caso de que la pantalla no pueda encenderse bajo el agua, por favor, configure el tel\u00e9fono siguiendo el siguiente enlace. [ [&hellip;]<\/p>\n","protected":false},"author":1,"featured_media":0,"parent":103,"menu_order":0,"comment_status":"closed","ping_status":"closed","template":"","meta":{"_et_pb_use_builder":"on","_et_pb_old_content":"","_et_gb_content_width":"","footnotes":""},"class_list":["post-106","page","type-page","status-publish","hentry"],"_links":{"self":[{"href":"https:\/\/divevolkcanarias.com\/index.php?rest_route=\/wp\/v2\/pages\/106","targetHints":{"allow":["GET"]}}],"collection":[{"href":"https:\/\/divevolkcanarias.com\/index.php?rest_route=\/wp\/v2\/pages"}],"about":[{"href":"https:\/\/divevolkcanarias.com\/index.php?rest_route=\/wp\/v2\/types\/page"}],"author":[{"embeddable":true,"href":"https:\/\/divevolkcanarias.com\/index.php?rest_route=\/wp\/v2\/users\/1"}],"replies":[{"embeddable":true,"href":"https:\/\/divevolkcanarias.com\/index.php?rest_route=%2Fwp%2Fv2%2Fcomments&post=106"}],"version-history":[{"count":9,"href":"https:\/\/divevolkcanarias.com\/index.php?rest_route=\/wp\/v2\/pages\/106\/revisions"}],"predecessor-version":[{"id":470,"href":"https:\/\/divevolkcanarias.com\/index.php?rest_route=\/wp\/v2\/pages\/106\/revisions\/470"}],"up":[{"embeddable":true,"href":"https:\/\/divevolkcanarias.com\/index.php?rest_route=\/wp\/v2\/pages\/103"}],"wp:attachment":[{"href":"https:\/\/divevolkcanarias.com\/index.php?rest_route=%2Fwp%2Fv2%2Fmedia&parent=106"}],"curies":[{"name":"wp","href":"https:\/\/api.w.org\/{rel}","templated":true}]}}